{"id":46,"date":"2023-08-08T16:57:18","date_gmt":"2023-08-08T16:57:18","guid":{"rendered":"https:\/\/defiscalisant.com\/?page_id=46"},"modified":"2023-09-13T18:09:38","modified_gmt":"2023-09-13T18:09:38","slug":"kontakty","status":"publish","type":"page","link":"https:\/\/defiscalisant.com\/vi\/lien-he\/","title":{"rendered":"Li\u00ean h\u1ec7"},"content":{"rendered":"<p><span class=\"HwtZe\" lang=\"en\"><span class=\"jCAhz ChMk0b\"><span class=\"ryNqvb\">Ch\u00fang t\u00f4i tr\u00e2n tr\u1ecdng \u00fd ki\u1ebfn c\u1ee7a b\u1ea1n v\u00e0 lu\u00f4n s\u1eb5n s\u00e0ng l\u1eafng nghe.<\/span><\/span> <span class=\"jCAhz ChMk0b\"><span class=\"ryNqvb\">D\u00f9 b\u1ea1n mu\u1ed1n chia s\u1ebb ph\u1ea3n h\u1ed3i, \u0111\u1eb7t c\u00e2u h\u1ecfi, khi\u1ebfu n\u1ea1i hay \u0111\u01a1n gi\u1ea3n ch\u1ec9 mu\u1ed1n li\u00ean h\u1ec7 v\u1edbi ch\u00fang t\u00f4i, vui l\u00f2ng s\u1eed d\u1ee5ng bi\u1ec3u m\u1eabu n\u00e0y.<\/span><\/span> <span class=\"jCAhz ChMk0b\"><span class=\"ryNqvb\">Ch\u00fang t\u00f4i s\u1ebd c\u1ed1 g\u1eafng ph\u1ea3n h\u1ed3i y\u00eau c\u1ea7u c\u1ee7a b\u1ea1n s\u1edbm nh\u1ea5t c\u00f3 th\u1ec3.<\/span><\/span><\/span><\/p>\n\n<div class=\"wpcf7 no-js\" id=\"wpcf7-f58-o1\" lang=\"ru-RU\" dir=\"ltr\">\n<div class=\"screen-reader-response\"><p role=\"status\" aria-live=\"polite\" aria-atomic=\"true\"><\/p> <ul><\/ul><\/div>\n<form action=\"\/vi\/wp-json\/wp\/v2\/pages\/46#wpcf7-f58-o1\" method=\"post\" class=\"wpcf7-form init\" aria-label=\"\u041a\u043e\u043d\u0442\u0430\u043a\u0442\u043d\u0430\u044f \u0444\u043e\u0440\u043c\u0430\" novalidate=\"novalidate\" data-status=\"init\" data-trp-original-action=\"\/vi\/wp-json\/wp\/v2\/pages\/46#wpcf7-f58-o1\">\n<div style=\"display: none;\">\n<input type=\"hidden\" name=\"_wpcf7\" value=\"58\" \/>\n<input type=\"hidden\" name=\"_wpcf7_version\" value=\"5.8\" \/>\n<input type=\"hidden\" name=\"_wpcf7_locale\" value=\"ru_RU\" \/>\n<input type=\"hidden\" name=\"_wpcf7_unit_tag\" value=\"wpcf7-f58-o1\" \/>\n<input type=\"hidden\" name=\"_wpcf7_container_post\" value=\"0\" \/>\n<input type=\"hidden\" name=\"_wpcf7_posted_data_hash\" value=\"\" \/>\n<\/div>\n<p><label> \u0412\u0430\u0448\u0435 \u0438\u043c\u044f<br \/>\n<span class=\"wpcf7-form-control-wrap\" data-name=\"your-name\"><input size=\"40\" class=\"wpcf7-form-control wpcf7-text wpcf7-validates-as-required\" autocomplete=\"name\" aria-required=\"true\" aria-invalid=\"false\" value=\"\" type=\"text\" name=\"your-name\" \/><\/span> <\/label>\n<\/p>\n<p><label> Email c\u1ee7a b\u1ea1n<br \/>\n<span class=\"wpcf7-form-control-wrap\" data-name=\"your-email\"><input size=\"40\" class=\"wpcf7-form-control wpcf7-email wpcf7-validates-as-required wpcf7-text wpcf7-validates-as-email\" autocomplete=\"email\" aria-required=\"true\" aria-invalid=\"false\" value=\"\" type=\"email\" name=\"your-email\" \/><\/span> <\/label>\n<\/p>\n<p><label> Ch\u1ee7 \u0111\u1ec1<br \/>\n<span class=\"wpcf7-form-control-wrap\" data-name=\"your-subject\"><input size=\"40\" class=\"wpcf7-form-control wpcf7-text wpcf7-validates-as-required\" aria-required=\"true\" aria-invalid=\"false\" value=\"\" type=\"text\" name=\"your-subject\" \/><\/span> <\/label>\n<\/p>\n<p><label> \u0412\u0430\u0448\u0435 \u0441\u043e\u043e\u0431\u0449\u0435\u043d\u0438\u0435 (kh\u00f4ng ph\u1ea3i \u043e\u0431\u044f\u0437\u0430\u0442\u0435\u043b\u044c\u043d\u043e)<br \/>\n<span class=\"wpcf7-form-control-wrap\" data-name=\"your-message\"><textarea cols=\"40\" rows=\"10\" class=\"wpcf7-form-control wpcf7-textarea\" aria-invalid=\"false\" name=\"your-message\"><\/textarea><\/span> <\/label>\n<\/p>\n<p><input class=\"wpcf7-form-control wpcf7-submit has-spinner\" type=\"submit\" value=\"\u041e\u0442\u043f\u0440\u0430\u0432\u0438\u0442\u044c\" \/>\n<\/p><div class=\"wpcf7-response-output\" aria-hidden=\"true\"><\/div>\n<input type=\"hidden\" name=\"trp-form-language\" value=\"vi\"\/><\/form>\n<\/div>\n\n<p>&nbsp;<\/p>\n<p>&nbsp;<\/p>\n<p><span class=\"HwtZe\" lang=\"en\"><span class=\"jCAhz ChMk0b\"><span class=\"ryNqvb\">B\u1ea1n c\u00f3 th\u1ec3 vi\u1ebft tin nh\u1eafn c\u1ee7a m\u00ecnh \u1edf \u0111\u00e2y.<\/span><\/span> <span class=\"jCAhz ChMk0b\"><span class=\"ryNqvb\">Vui l\u00f2ng cung c\u1ea5p th\u00f4ng tin li\u00ean l\u1ea1c ch\u00ednh x\u00e1c \u0111\u1ec3 ch\u00fang t\u00f4i c\u00f3 th\u1ec3 li\u00ean h\u1ec7 v\u1edbi b\u1ea1n.<\/span><\/span> <span class=\"jCAhz ChMk0b\"><span class=\"ryNqvb\">Ch\u00fang t\u00f4i \u0111\u1ea3m b\u1ea3o t\u00ednh b\u1ea3o m\u1eadt c\u1ee7a t\u1ea5t c\u1ea3 d\u1eef li\u1ec7u \u0111\u01b0\u1ee3c cung c\u1ea5p.<\/span><\/span> <span class=\"jCAhz ChMk0b\"><span class=\"ryNqvb\">D\u1eef li\u1ec7u c\u00e1 nh\u00e2n c\u1ee7a b\u1ea1n s\u1ebd kh\u00f4ng bao gi\u1edd \u0111\u01b0\u1ee3c chuy\u1ec3n giao cho b\u00ean th\u1ee9 ba v\u00e0 ch\u1ec9 \u0111\u01b0\u1ee3c s\u1eed d\u1ee5ng \u0111\u1ec3 x\u1eed l\u00fd y\u00eau c\u1ea7u c\u1ee7a b\u1ea1n.<\/span><\/span> <\/span><\/p>\n<p><span class=\"HwtZe\" lang=\"en\"><span class=\"jCAhz ChMk0b\"><span class=\"ryNqvb\"><strong>C\u1ea3m \u01a1n b\u1ea1n \u0111\u00e3 li\u00ean h\u1ec7 v\u1edbi ch\u00fang t\u00f4i.<\/strong>.<\/span><\/span> <span class=\"jCAhz ChMk0b\"><span class=\"ryNqvb\">Ch\u00fang t\u00f4i tr\u00e2n tr\u1ecdng s\u1ef1 tham gia c\u1ee7a b\u1ea1n v\u00e0 lu\u00f4n c\u1ed1 g\u1eafng c\u1ea3i thi\u1ec7n d\u1ecbch v\u1ee5 nh\u1edd nh\u1eefng ph\u1ea3n h\u1ed3i v\u00e0 g\u00f3p \u00fd c\u1ee7a b\u1ea1n.<\/span><\/span><\/span><\/p>","protected":false},"excerpt":{"rendered":"<p>Ch\u00fang t\u00f4i tr\u00e2n tr\u1ecdng \u00fd ki\u1ebfn c\u1ee7a b\u1ea1n v\u00e0 lu\u00f4n s\u1eb5n s\u00e0ng l\u1eafng nghe. Cho d\u00f9 b\u1ea1n mu\u1ed1n chia s\u1ebb ph\u1ea3n h\u1ed3i, \u0111\u1eb7t c\u00e2u h\u1ecfi, khi\u1ebfu n\u1ea1i hay \u0111\u01a1n gi\u1ea3n ch\u1ec9 mu\u1ed1n li\u00ean h\u1ec7 v\u1edbi ch\u00fang t\u00f4i, vui l\u00f2ng s\u1eed d\u1ee5ng bi\u1ec3u m\u1eabu n\u00e0y. Ch\u00fang t\u00f4i s\u1ebd c\u1ed1 g\u1eafng ph\u1ea3n h\u1ed3i y\u00eau c\u1ea7u c\u1ee7a b\u1ea1n nhanh nh\u1ea5t c\u00f3 th\u1ec3. T\u1ea1i \u0111\u00e2y b\u1ea1n c\u00f3 th\u1ec3 vi\u1ebft tin nh\u1eafn c\u1ee7a m\u00ecnh. Vui l\u00f2ng \u0111\u1ea3m b\u1ea3o [\u2026]<\/p>","protected":false},"author":1,"featured_media":0,"parent":0,"menu_order":0,"comment_status":"closed","ping_status":"closed","template":"","meta":{"footnotes":""},"class_list":["post-46","page","type-page","status-publish","hentry"],"yoast_head":"<!-- This site is optimized with the Yoast SEO plugin v20.13 - https:\/\/yoast.com\/wordpress\/plugins\/seo\/ -->\n<title>Contacts - defiscalisant<\/title>\n<meta name=\"robots\" content=\"index, follow, max-snippet:-1, max-image-preview:large, max-video-preview:-1\" \/>\n<link rel=\"canonical\" href=\"https:\/\/defiscalisant.com\/vi\/lien-he\/\" \/>\n<meta property=\"og:locale\" content=\"vi_VN\" \/>\n<meta property=\"og:type\" content=\"article\" \/>\n<meta property=\"og:title\" content=\"Contacts - defiscalisant\" \/>\n<meta property=\"og:description\" content=\"We value your opinion and are always ready to listen to you. Whether you want to share your feedback, ask a question, make a complaint, or simply contact us, please use this form. We will try to respond to your request as quickly as possible. &nbsp; &nbsp; Here you can write your message. Please ensure [&hellip;]\" \/>\n<meta property=\"og:url\" content=\"https:\/\/defiscalisant.com\/vi\/lien-he\/\" \/>\n<meta property=\"og:site_name\" content=\"defiscalisant\" \/>\n<meta property=\"article:modified_time\" content=\"2023-09-13T18:09:38+00:00\" \/>\n<meta name=\"twitter:card\" content=\"summary_large_image\" \/>\n<meta name=\"twitter:label1\" content=\"\u01af\u1edbc t\u00ednh th\u1eddi gian \u0111\u1ecdc\" \/>\n\t<meta name=\"twitter:data1\" content=\"1 ph\u00fat\" \/>\n<script type=\"application\/ld+json\" class=\"yoast-schema-graph\">{\"@context\":\"https:\/\/schema.org\",\"@graph\":[{\"@type\":\"WebPage\",\"@id\":\"https:\/\/defiscalisant.com\/kontakty\/\",\"url\":\"https:\/\/defiscalisant.com\/kontakty\/\",\"name\":\"Contacts - defiscalisant\",\"isPartOf\":{\"@id\":\"https:\/\/defiscalisant.com\/#website\"},\"datePublished\":\"2023-08-08T16:57:18+00:00\",\"dateModified\":\"2023-09-13T18:09:38+00:00\",\"breadcrumb\":{\"@id\":\"https:\/\/defiscalisant.com\/kontakty\/#breadcrumb\"},\"inLanguage\":\"vi\",\"potentialAction\":[{\"@type\":\"ReadAction\",\"target\":[\"https:\/\/defiscalisant.com\/kontakty\/\"]}]},{\"@type\":\"BreadcrumbList\",\"@id\":\"https:\/\/defiscalisant.com\/kontakty\/#breadcrumb\",\"itemListElement\":[{\"@type\":\"ListItem\",\"position\":1,\"name\":\"\u0413\u043b\u0430\u0432\u043d\u0430\u044f \u0441\u0442\u0440\u0430\u043d\u0438\u0446\u0430\",\"item\":\"https:\/\/defiscalisant.com\/\"},{\"@type\":\"ListItem\",\"position\":2,\"name\":\"Contacts\"}]},{\"@type\":\"WebSite\",\"@id\":\"https:\/\/defiscalisant.com\/#website\",\"url\":\"https:\/\/defiscalisant.com\/\",\"name\":\"defiscalisant\",\"description\":\"defiscalisant\",\"publisher\":{\"@id\":\"https:\/\/defiscalisant.com\/#organization\"},\"potentialAction\":[{\"@type\":\"SearchAction\",\"target\":{\"@type\":\"EntryPoint\",\"urlTemplate\":\"https:\/\/defiscalisant.com\/?s={search_term_string}\"},\"query-input\":\"required name=search_term_string\"}],\"inLanguage\":\"vi\"},{\"@type\":\"Organization\",\"@id\":\"https:\/\/defiscalisant.com\/#organization\",\"name\":\"defiscalisant\",\"url\":\"https:\/\/defiscalisant.com\/\",\"logo\":{\"@type\":\"ImageObject\",\"inLanguage\":\"vi\",\"@id\":\"https:\/\/defiscalisant.com\/#\/schema\/logo\/image\/\",\"url\":\"https:\/\/defiscalisant.com\/wp-content\/uploads\/2023\/08\/logo.png\",\"contentUrl\":\"https:\/\/defiscalisant.com\/wp-content\/uploads\/2023\/08\/logo.png\",\"width\":220,\"height\":34,\"caption\":\"defiscalisant\"},\"image\":{\"@id\":\"https:\/\/defiscalisant.com\/#\/schema\/logo\/image\/\"}}]}<\/script>\n<!-- \/ Yoast SEO plugin. -->","yoast_head_json":{"title":"Contacts - defiscalisant","robots":{"index":"index","follow":"follow","max-snippet":"max-snippet:-1","max-image-preview":"max-image-preview:large","max-video-preview":"max-video-preview:-1"},"canonical":"https:\/\/defiscalisant.com\/vi\/lien-he\/","og_locale":"vi_VN","og_type":"article","og_title":"Contacts - defiscalisant","og_description":"We value your opinion and are always ready to listen to you. Whether you want to share your feedback, ask a question, make a complaint, or simply contact us, please use this form. We will try to respond to your request as quickly as possible. &nbsp; &nbsp; Here you can write your message. Please ensure [&hellip;]","og_url":"https:\/\/defiscalisant.com\/vi\/lien-he\/","og_site_name":"defiscalisant","article_modified_time":"2023-09-13T18:09:38+00:00","twitter_card":"summary_large_image","twitter_misc":{"\u01af\u1edbc t\u00ednh th\u1eddi gian \u0111\u1ecdc":"1 ph\u00fat"},"schema":{"@context":"https:\/\/schema.org","@graph":[{"@type":"WebPage","@id":"https:\/\/defiscalisant.com\/kontakty\/","url":"https:\/\/defiscalisant.com\/kontakty\/","name":"Contacts - defiscalisant","isPartOf":{"@id":"https:\/\/defiscalisant.com\/#website"},"datePublished":"2023-08-08T16:57:18+00:00","dateModified":"2023-09-13T18:09:38+00:00","breadcrumb":{"@id":"https:\/\/defiscalisant.com\/kontakty\/#breadcrumb"},"inLanguage":"vi","potentialAction":[{"@type":"ReadAction","target":["https:\/\/defiscalisant.com\/kontakty\/"]}]},{"@type":"BreadcrumbList","@id":"https:\/\/defiscalisant.com\/kontakty\/#breadcrumb","itemListElement":[{"@type":"ListItem","position":1,"name":"\u0413\u043b\u0430\u0432\u043d\u0430\u044f \u0441\u0442\u0440\u0430\u043d\u0438\u0446\u0430","item":"https:\/\/defiscalisant.com\/"},{"@type":"ListItem","position":2,"name":"Contacts"}]},{"@type":"WebSite","@id":"https:\/\/defiscalisant.com\/#website","url":"https:\/\/defiscalisant.com\/","name":"defiscalisant","description":"defiscalisant","publisher":{"@id":"https:\/\/defiscalisant.com\/#organization"},"potentialAction":[{"@type":"SearchAction","target":{"@type":"EntryPoint","urlTemplate":"https:\/\/defiscalisant.com\/?s={search_term_string}"},"query-input":"required name=search_term_string"}],"inLanguage":"vi"},{"@type":"Organization","@id":"https:\/\/defiscalisant.com\/#organization","name":"defiscalisant","url":"https:\/\/defiscalisant.com\/","logo":{"@type":"ImageObject","inLanguage":"vi","@id":"https:\/\/defiscalisant.com\/#\/schema\/logo\/image\/","url":"https:\/\/defiscalisant.com\/wp-content\/uploads\/2023\/08\/logo.png","contentUrl":"https:\/\/defiscalisant.com\/wp-content\/uploads\/2023\/08\/logo.png","width":220,"height":34,"caption":"defiscalisant"},"image":{"@id":"https:\/\/defiscalisant.com\/#\/schema\/logo\/image\/"}}]}},"_links":{"self":[{"href":"https:\/\/defiscalisant.com\/vi\/wp-json\/wp\/v2\/pages\/46","targetHints":{"allow":["GET"]}}],"collection":[{"href":"https:\/\/defiscalisant.com\/vi\/wp-json\/wp\/v2\/pages"}],"about":[{"href":"https:\/\/defiscalisant.com\/vi\/wp-json\/wp\/v2\/types\/page"}],"author":[{"embeddable":true,"href":"https:\/\/defiscalisant.com\/vi\/wp-json\/wp\/v2\/users\/1"}],"replies":[{"embeddable":true,"href":"https:\/\/defiscalisant.com\/vi\/wp-json\/wp\/v2\/comments?post=46"}],"version-history":[{"count":5,"href":"https:\/\/defiscalisant.com\/vi\/wp-json\/wp\/v2\/pages\/46\/revisions"}],"predecessor-version":[{"id":184,"href":"https:\/\/defiscalisant.com\/vi\/wp-json\/wp\/v2\/pages\/46\/revisions\/184"}],"wp:attachment":[{"href":"https:\/\/defiscalisant.com\/vi\/wp-json\/wp\/v2\/media?parent=46"}],"curies":[{"name":"wp","href":"https:\/\/api.w.org\/{rel}","templated":true}]}}