{"id":44,"date":"2023-08-08T16:57:06","date_gmt":"2023-08-08T16:57:06","guid":{"rendered":"https:\/\/defiscalisant.com\/?page_id=44"},"modified":"2023-09-13T18:07:26","modified_gmt":"2023-09-13T18:07:26","slug":"o-nas","status":"publish","type":"page","link":"https:\/\/defiscalisant.com\/vi\/o-nas\/","title":{"rendered":"V\u1ec1 ch\u00fang t\u00f4i"},"content":{"rendered":"<p><span class=\"HwtZe\" lang=\"en\"><span class=\"jCAhz ChMk0b\"><span class=\"ryNqvb\">C\u00e1c cu\u1ed9c tr\u00f2 chuy\u1ec7n video c\u1ee7a ch\u00fang t\u00f4i v\u1edbi c\u00e1c c\u00f4 g\u00e1i l\u00e0 ngu\u1ed3n tin t\u1ee9c n\u00f3ng h\u1ed5i nh\u1ea5t v\u00e0 nh\u1eefng cu\u1ed9c tr\u00f2 chuy\u1ec7n th\u00fa v\u1ecb nh\u1ea5t trong th\u1ebf gi\u1edbi gi\u1ea3i tr\u00ed tr\u1ef1c tuy\u1ebfn d\u00e0nh cho ng\u01b0\u1eddi l\u1edbn.<\/span><\/span> <span class=\"jCAhz ChMk0b\"><span class=\"ryNqvb\">Ch\u00fang t\u00f4i l\u00e0 ngu\u1ed3n \u0111\u00e1ng tin c\u1eady c\u1ee7a b\u1ea1n v\u1ec1 c\u00e1c ph\u00f2ng chat ph\u1ed5 bi\u1ebfn v\u1edbi c\u00e1c c\u00f4 g\u00e1i, sex tr\u1ef1c ti\u1ebfp qua webcam v\u00e0 m\u1ecdi th\u1ee9 li\u00ean quan \u0111\u1ebfn c\u00e1c ph\u00f2ng chat tr\u1ef1c tuy\u1ebfn th\u00e2n m\u1eadt.<\/span><\/span> <\/span><\/p>\n<p><span class=\"HwtZe\" lang=\"en\"><span class=\"jCAhz ChMk0b\"><span class=\"ryNqvb\">T\u1ea1i \u0111\u00e2y, b\u1ea1n s\u1ebd t\u00ecm th\u1ea5y nh\u1eefng tin t\u1ee9c m\u1edbi nh\u1ea5t v\u1ec1 c\u00e1c n\u1eef streamer h\u00e0ng \u0111\u1ea7u v\u00e0 nh\u1eefng bu\u1ed5i ph\u00e1t s\u00f3ng tr\u1ef1c tuy\u1ebfn h\u1ea5p d\u1eabn c\u1ee7a h\u1ecd.<\/span><\/span> <span class=\"jCAhz ChMk0b\"><span class=\"ryNqvb\">Ch\u00fang t\u00f4i cung c\u1ea5p quy\u1ec1n truy c\u1eadp v\u00e0o c\u00e1c video th\u1ee7 d\u00e2m tr\u1ef1c ti\u1ebfp c\u1ee7a c\u00e1c c\u00f4 g\u00e1i v\u00e0 c\u00e1c cu\u1ed9c tr\u00f2 chuy\u1ec7n tr\u1ef1c tuy\u1ebfn v\u1edbi nh\u1eefng ph\u1ee5 n\u1eef ham mu\u1ed1n t\u00ecnh d\u1ee5c.<\/span><\/span> <\/span><\/p>\n<p><span class=\"HwtZe\" lang=\"en\"><span class=\"jCAhz ChMk0b\"><span class=\"ryNqvb\">Ph\u00f2ng chat roulette c\u1ee7a ch\u00fang t\u00f4i v\u1edbi c\u00e1c c\u00f4 g\u00e1i mang \u0111\u1ebfn cho b\u1ea1n c\u01a1 h\u1ed9i th\u01b0\u1edfng th\u1ee9c c\u00e1c ch\u01b0\u01a1ng tr\u00ecnh ph\u00e1t s\u00f3ng khi\u00eau d\u00e2m mi\u1ec5n ph\u00ed v\u00e0 ni\u1ec1m vui b\u1ea5t t\u1eadn.<\/span><\/span> <span class=\"jCAhz ChMk0b\"><span class=\"ryNqvb\">H\u00e3y tham gia c\u1ed9ng \u0111\u1ed3ng tr\u00f2 chuy\u1ec7n tr\u1ef1c tuy\u1ebfn c\u1ee7a ch\u00fang t\u00f4i v\u1edbi c\u00e1c c\u00f4 g\u00e1i v\u00e0 t\u1eadn h\u01b0\u1edfng sex qua webcam, th\u1ee7 d\u00e2m mi\u1ec5n ph\u00ed v\u1edbi c\u00e1c c\u00f4 g\u00e1i v\u00e0 nhi\u1ec1u t\u00ednh n\u0103ng tuy\u1ec7t v\u1eddi kh\u00e1c.<\/span><\/span> <span class=\"jCAhz ChMk0b\"><span class=\"ryNqvb\">Ch\u00e0o m\u1eebng b\u1ea1n \u0111\u1ebfn v\u1edbi trang web c\u1ee7a ch\u00fang t\u00f4i, n\u01a1i ni\u1ec1m vui kh\u00f4ng bao gi\u1edd k\u1ebft th\u00fac.<\/span><\/span><\/span><\/p>","protected":false},"excerpt":{"rendered":"<p>C\u00e1c cu\u1ed9c tr\u00f2 chuy\u1ec7n video c\u1ee7a ch\u00fang t\u00f4i v\u1edbi c\u00e1c c\u00f4 g\u00e1i l\u00e0 ngu\u1ed3n tin t\u1ee9c n\u00f3ng h\u1ed5i nh\u1ea5t v\u00e0 nh\u1eefng cu\u1ed9c tr\u00f2 chuy\u1ec7n th\u00fa v\u1ecb nh\u1ea5t trong th\u1ebf gi\u1edbi gi\u1ea3i tr\u00ed tr\u1ef1c tuy\u1ebfn d\u00e0nh cho ng\u01b0\u1eddi l\u1edbn. Ch\u00fang t\u00f4i l\u00e0 ngu\u1ed3n \u0111\u00e1ng tin c\u1eady c\u1ee7a b\u1ea1n v\u1ec1 c\u00e1c ph\u00f2ng chat ph\u1ed5 bi\u1ebfn v\u1edbi c\u00e1c c\u00f4 g\u00e1i, sex tr\u1ef1c ti\u1ebfp qua webcam v\u00e0 m\u1ecdi th\u1ee9 li\u00ean quan \u0111\u1ebfn c\u00e1c ph\u00f2ng chat tr\u1ef1c tuy\u1ebfn th\u00e2n m\u1eadt. T\u1ea1i \u0111\u00e2y b\u1ea1n s\u1ebd t\u00ecm th\u1ea5y nh\u1eefng tin t\u1ee9c m\u1edbi nh\u1ea5t [\u2026]<\/p>","protected":false},"author":1,"featured_media":0,"parent":0,"menu_order":0,"comment_status":"closed","ping_status":"closed","template":"","meta":{"footnotes":""},"class_list":["post-44","page","type-page","status-publish","hentry"],"yoast_head":"<!-- This site is optimized with the Yoast SEO plugin v20.13 - https:\/\/yoast.com\/wordpress\/plugins\/seo\/ -->\n<title>About Us - defiscalisant<\/title>\n<meta name=\"robots\" content=\"index, follow, max-snippet:-1, max-image-preview:large, max-video-preview:-1\" \/>\n<link rel=\"canonical\" href=\"https:\/\/defiscalisant.com\/vi\/o-nas\/\" \/>\n<meta property=\"og:locale\" content=\"vi_VN\" \/>\n<meta property=\"og:type\" content=\"article\" \/>\n<meta property=\"og:title\" content=\"About Us - defiscalisant\" \/>\n<meta property=\"og:description\" content=\"Our video chats with girls are the source of the hottest news and most exciting conversations in the world of online entertainment for an adult audience. We are your trusted source for popular chat rooms with girls, live webcam sex and everything related to intimate online chat rooms. Here you will find the latest news [&hellip;]\" \/>\n<meta property=\"og:url\" content=\"https:\/\/defiscalisant.com\/vi\/o-nas\/\" \/>\n<meta property=\"og:site_name\" content=\"defiscalisant\" \/>\n<meta property=\"article:modified_time\" content=\"2023-09-13T18:07:26+00:00\" \/>\n<meta name=\"twitter:card\" content=\"summary_large_image\" \/>\n<meta name=\"twitter:label1\" content=\"\u01af\u1edbc t\u00ednh th\u1eddi gian \u0111\u1ecdc\" \/>\n\t<meta name=\"twitter:data1\" content=\"1 ph\u00fat\" \/>\n<script type=\"application\/ld+json\" class=\"yoast-schema-graph\">{\"@context\":\"https:\/\/schema.org\",\"@graph\":[{\"@type\":\"WebPage\",\"@id\":\"https:\/\/defiscalisant.com\/o-nas\/\",\"url\":\"https:\/\/defiscalisant.com\/o-nas\/\",\"name\":\"About Us - defiscalisant\",\"isPartOf\":{\"@id\":\"https:\/\/defiscalisant.com\/#website\"},\"datePublished\":\"2023-08-08T16:57:06+00:00\",\"dateModified\":\"2023-09-13T18:07:26+00:00\",\"breadcrumb\":{\"@id\":\"https:\/\/defiscalisant.com\/o-nas\/#breadcrumb\"},\"inLanguage\":\"vi\",\"potentialAction\":[{\"@type\":\"ReadAction\",\"target\":[\"https:\/\/defiscalisant.com\/o-nas\/\"]}]},{\"@type\":\"BreadcrumbList\",\"@id\":\"https:\/\/defiscalisant.com\/o-nas\/#breadcrumb\",\"itemListElement\":[{\"@type\":\"ListItem\",\"position\":1,\"name\":\"\u0413\u043b\u0430\u0432\u043d\u0430\u044f \u0441\u0442\u0440\u0430\u043d\u0438\u0446\u0430\",\"item\":\"https:\/\/defiscalisant.com\/\"},{\"@type\":\"ListItem\",\"position\":2,\"name\":\"About Us\"}]},{\"@type\":\"WebSite\",\"@id\":\"https:\/\/defiscalisant.com\/#website\",\"url\":\"https:\/\/defiscalisant.com\/\",\"name\":\"defiscalisant\",\"description\":\"defiscalisant\",\"publisher\":{\"@id\":\"https:\/\/defiscalisant.com\/#organization\"},\"potentialAction\":[{\"@type\":\"SearchAction\",\"target\":{\"@type\":\"EntryPoint\",\"urlTemplate\":\"https:\/\/defiscalisant.com\/?s={search_term_string}\"},\"query-input\":\"required name=search_term_string\"}],\"inLanguage\":\"vi\"},{\"@type\":\"Organization\",\"@id\":\"https:\/\/defiscalisant.com\/#organization\",\"name\":\"defiscalisant\",\"url\":\"https:\/\/defiscalisant.com\/\",\"logo\":{\"@type\":\"ImageObject\",\"inLanguage\":\"vi\",\"@id\":\"https:\/\/defiscalisant.com\/#\/schema\/logo\/image\/\",\"url\":\"https:\/\/defiscalisant.com\/wp-content\/uploads\/2023\/08\/logo.png\",\"contentUrl\":\"https:\/\/defiscalisant.com\/wp-content\/uploads\/2023\/08\/logo.png\",\"width\":220,\"height\":34,\"caption\":\"defiscalisant\"},\"image\":{\"@id\":\"https:\/\/defiscalisant.com\/#\/schema\/logo\/image\/\"}}]}<\/script>\n<!-- \/ Yoast SEO plugin. -->","yoast_head_json":{"title":"About Us - defiscalisant","robots":{"index":"index","follow":"follow","max-snippet":"max-snippet:-1","max-image-preview":"max-image-preview:large","max-video-preview":"max-video-preview:-1"},"canonical":"https:\/\/defiscalisant.com\/vi\/o-nas\/","og_locale":"vi_VN","og_type":"article","og_title":"About Us - defiscalisant","og_description":"Our video chats with girls are the source of the hottest news and most exciting conversations in the world of online entertainment for an adult audience. We are your trusted source for popular chat rooms with girls, live webcam sex and everything related to intimate online chat rooms. Here you will find the latest news [&hellip;]","og_url":"https:\/\/defiscalisant.com\/vi\/o-nas\/","og_site_name":"defiscalisant","article_modified_time":"2023-09-13T18:07:26+00:00","twitter_card":"summary_large_image","twitter_misc":{"\u01af\u1edbc t\u00ednh th\u1eddi gian \u0111\u1ecdc":"1 ph\u00fat"},"schema":{"@context":"https:\/\/schema.org","@graph":[{"@type":"WebPage","@id":"https:\/\/defiscalisant.com\/o-nas\/","url":"https:\/\/defiscalisant.com\/o-nas\/","name":"About Us - defiscalisant","isPartOf":{"@id":"https:\/\/defiscalisant.com\/#website"},"datePublished":"2023-08-08T16:57:06+00:00","dateModified":"2023-09-13T18:07:26+00:00","breadcrumb":{"@id":"https:\/\/defiscalisant.com\/o-nas\/#breadcrumb"},"inLanguage":"vi","potentialAction":[{"@type":"ReadAction","target":["https:\/\/defiscalisant.com\/o-nas\/"]}]},{"@type":"BreadcrumbList","@id":"https:\/\/defiscalisant.com\/o-nas\/#breadcrumb","itemListElement":[{"@type":"ListItem","position":1,"name":"\u0413\u043b\u0430\u0432\u043d\u0430\u044f \u0441\u0442\u0440\u0430\u043d\u0438\u0446\u0430","item":"https:\/\/defiscalisant.com\/"},{"@type":"ListItem","position":2,"name":"About Us"}]},{"@type":"WebSite","@id":"https:\/\/defiscalisant.com\/#website","url":"https:\/\/defiscalisant.com\/","name":"defiscalisant","description":"defiscalisant","publisher":{"@id":"https:\/\/defiscalisant.com\/#organization"},"potentialAction":[{"@type":"SearchAction","target":{"@type":"EntryPoint","urlTemplate":"https:\/\/defiscalisant.com\/?s={search_term_string}"},"query-input":"required name=search_term_string"}],"inLanguage":"vi"},{"@type":"Organization","@id":"https:\/\/defiscalisant.com\/#organization","name":"defiscalisant","url":"https:\/\/defiscalisant.com\/","logo":{"@type":"ImageObject","inLanguage":"vi","@id":"https:\/\/defiscalisant.com\/#\/schema\/logo\/image\/","url":"https:\/\/defiscalisant.com\/wp-content\/uploads\/2023\/08\/logo.png","contentUrl":"https:\/\/defiscalisant.com\/wp-content\/uploads\/2023\/08\/logo.png","width":220,"height":34,"caption":"defiscalisant"},"image":{"@id":"https:\/\/defiscalisant.com\/#\/schema\/logo\/image\/"}}]}},"_links":{"self":[{"href":"https:\/\/defiscalisant.com\/vi\/wp-json\/wp\/v2\/pages\/44","targetHints":{"allow":["GET"]}}],"collection":[{"href":"https:\/\/defiscalisant.com\/vi\/wp-json\/wp\/v2\/pages"}],"about":[{"href":"https:\/\/defiscalisant.com\/vi\/wp-json\/wp\/v2\/types\/page"}],"author":[{"embeddable":true,"href":"https:\/\/defiscalisant.com\/vi\/wp-json\/wp\/v2\/users\/1"}],"replies":[{"embeddable":true,"href":"https:\/\/defiscalisant.com\/vi\/wp-json\/wp\/v2\/comments?post=44"}],"version-history":[{"count":3,"href":"https:\/\/defiscalisant.com\/vi\/wp-json\/wp\/v2\/pages\/44\/revisions"}],"predecessor-version":[{"id":182,"href":"https:\/\/defiscalisant.com\/vi\/wp-json\/wp\/v2\/pages\/44\/revisions\/182"}],"wp:attachment":[{"href":"https:\/\/defiscalisant.com\/vi\/wp-json\/wp\/v2\/media?parent=44"}],"curies":[{"name":"wp","href":"https:\/\/api.w.org\/{rel}","templated":true}]}}