{"id":42,"date":"2023-08-08T16:56:50","date_gmt":"2023-08-08T16:56:50","guid":{"rendered":"https:\/\/defiscalisant.com\/?page_id=42"},"modified":"2023-09-13T18:08:32","modified_gmt":"2023-09-13T18:08:32","slug":"konfidenczialnost","status":"publish","type":"page","link":"https:\/\/defiscalisant.com\/vi\/konfidenczialnost\/","title":{"rendered":"B\u1ea3o m\u1eadt"},"content":{"rendered":"<p><span class=\"HwtZe\" lang=\"en\"><span class=\"jCAhz ChMk0b\"><span class=\"ryNqvb\">Ch\u00e0o m\u1eebng b\u1ea1n \u0111\u1ebfn v\u1edbi trang web c\u1ee7a ch\u00fang t\u00f4i.<\/span><\/span> <span class=\"jCAhz ChMk0b\"><span class=\"ryNqvb\">Ch\u00fang t\u00f4i tr\u00e2n tr\u1ecdng s\u1ef1 quan t\u00e2m c\u1ee7a b\u1ea1n \u0111\u1ebfn c\u00e1c d\u1ecbch v\u1ee5 c\u1ee7a ch\u00fang t\u00f4i v\u00e0 mu\u1ed1n cung c\u1ea5p cho b\u1ea1n th\u00f4ng tin v\u1ec1 ch\u00ednh s\u00e1ch b\u1ea3o m\u1eadt c\u0169ng nh\u01b0 c\u00e1c h\u1ea1n ch\u1ebf khi s\u1eed d\u1ee5ng trang web c\u1ee7a ch\u00fang t\u00f4i.<\/span><\/span> <\/span><\/p>\n<p>&nbsp;<\/p>\n<p><strong><span class=\"HwtZe\" lang=\"en\"><span class=\"jCAhz ChMk0b\"><span class=\"ryNqvb\">B\u1ea3o m\u1eadt<\/span><\/span> <\/span><\/strong><\/p>\n<p><span class=\"HwtZe\" lang=\"en\"><span class=\"jCAhz ChMk0b\"><span class=\"ryNqvb\">Ch\u00fang t\u00f4i r\u1ea5t coi tr\u1ecdng quy\u1ec1n ri\u00eang t\u01b0 c\u1ee7a b\u1ea1n v\u00e0 cam k\u1ebft th\u1ef1c hi\u1ec7n m\u1ecdi bi\u1ec7n ph\u00e1p c\u1ea7n thi\u1ebft \u0111\u1ec3 b\u1ea3o v\u1ec7 d\u1eef li\u1ec7u c\u00e1 nh\u00e2n c\u1ee7a b\u1ea1n.<\/span><\/span> <span class=\"jCAhz ChMk0b\"><span class=\"ryNqvb\">M\u1ecdi th\u00f4ng tin b\u1ea1n cung c\u1ea5p cho ch\u00fang t\u00f4i khi s\u1eed d\u1ee5ng trang web n\u00e0y s\u1ebd ch\u1ec9 \u0111\u01b0\u1ee3c s\u1eed d\u1ee5ng theo ch\u00ednh s\u00e1ch b\u1ea3o m\u1eadt c\u1ee7a ch\u00fang t\u00f4i.<\/span><\/span> <span class=\"jCAhz ChMk0b\"><span class=\"ryNqvb\">Ch\u00fang t\u00f4i s\u1ebd kh\u00f4ng bao gi\u1edd ti\u1ebft l\u1ed9 d\u1eef li\u1ec7u c\u00e1 nh\u00e2n c\u1ee7a b\u1ea1n cho b\u00ean th\u1ee9 ba m\u00e0 kh\u00f4ng c\u00f3 s\u1ef1 \u0111\u1ed3ng \u00fd r\u00f5 r\u00e0ng c\u1ee7a b\u1ea1n.<\/span><\/span> <\/span><\/p>\n<p>&nbsp;<\/p>\n<p><strong><span class=\"HwtZe\" lang=\"en\"><span class=\"jCAhz ChMk0b\"><span class=\"ryNqvb\">H\u1ea1n ch\u1ebf<\/span><\/span> <\/span><\/strong><\/p>\n<p><span class=\"HwtZe\" lang=\"en\"><span class=\"jCAhz ChMk0b\"><span class=\"ryNqvb\">T\u1ea5t c\u1ea3 n\u1ed9i dung tr\u00ean trang web c\u1ee7a ch\u00fang t\u00f4i ch\u1ec9 d\u00e0nh ri\u00eang cho \u0111\u1ed1i t\u01b0\u1ee3ng ng\u01b0\u1eddi l\u1edbn.<\/span><\/span> <\/span><\/p>\n<p><span class=\"HwtZe\" lang=\"en\"><span class=\"jCAhz ChMk0b\"><span class=\"ryNqvb\">Ch\u00fang t\u00f4i nghi\u00eam c\u1ea5m tuy\u1ec7t \u0111\u1ed1i vi\u1ec7c truy c\u1eadp n\u1ed9i dung c\u1ee7a ch\u00fang t\u00f4i \u0111\u1ed1i v\u1edbi ng\u01b0\u1eddi d\u01b0\u1edbi 18 tu\u1ed5i.<\/span><\/span> <span class=\"jCAhz ChMk0b\"><span class=\"ryNqvb\">Ch\u00fang t\u00f4i c\u00f3 tr\u00e1ch nhi\u1ec7m tr\u01b0\u1edbc ph\u00e1p lu\u1eadt v\u00e0 ho\u00e0n to\u00e0n \u1ee7ng h\u1ed9 c\u00e1c quy \u0111\u1ecbnh v\u1ec1 \u0111\u1ed9 tu\u1ed5i.<\/span><\/span> <span class=\"jCAhz ChMk0b\"><span class=\"ryNqvb\">Ch\u00fang t\u00f4i c\u0169ng mu\u1ed1n nh\u1ea5n m\u1ea1nh r\u1eb1ng t\u1ea5t c\u1ea3 n\u1ed9i dung tr\u00ean trang web c\u1ee7a ch\u00fang t\u00f4i \u0111\u1ec1u l\u00e0 h\u01b0 c\u1ea5u v\u00e0 ch\u1ec9 nh\u1eb1m m\u1ee5c \u0111\u00edch gi\u1ea3i tr\u00ed.<\/span><\/span> <span class=\"jCAhz ChMk0b\"><span class=\"ryNqvb\">B\u1eb1ng c\u00e1ch s\u1eed d\u1ee5ng trang web c\u1ee7a ch\u00fang t\u00f4i, b\u1ea1n x\u00e1c nh\u1eadn r\u1eb1ng b\u1ea1n \u0111\u00e3 \u0111\u1ee7 tu\u1ed5i h\u1ee3p ph\u00e1p v\u00e0 hi\u1ec3u c\u0169ng nh\u01b0 \u0111\u1ed3ng \u00fd v\u1edbi c\u00e1c ch\u00ednh s\u00e1ch v\u00e0 \u0111i\u1ec1u kho\u1ea3n h\u1ea1n ch\u1ebf c\u1ee7a ch\u00fang t\u00f4i.<\/span><\/span> <span class=\"jCAhz ChMk0b\"><span class=\"ryNqvb\">Ch\u00fang t\u00f4i khuy\u1ebfn kh\u00edch t\u1ea5t c\u1ea3 kh\u00e1ch truy c\u1eadp tu\u00e2n th\u1ee7 lu\u1eadt ph\u00e1p v\u00e0 quy \u0111\u1ecbnh v\u1ec1 vi\u1ec7c s\u1eed d\u1ee5ng c\u00e1c ngu\u1ed3n t\u00e0i nguy\u00ean Internet d\u00e0nh cho ng\u01b0\u1eddi l\u1edbn.<\/span><\/span><\/span><\/p>","protected":false},"excerpt":{"rendered":"<p>Ch\u00e0o m\u1eebng b\u1ea1n \u0111\u1ebfn v\u1edbi trang web c\u1ee7a ch\u00fang t\u00f4i. Ch\u00fang t\u00f4i tr\u00e2n tr\u1ecdng s\u1ef1 quan t\u00e2m c\u1ee7a b\u1ea1n \u0111\u1ebfn c\u00e1c d\u1ecbch v\u1ee5 c\u1ee7a ch\u00fang t\u00f4i v\u00e0 mu\u1ed1n cung c\u1ea5p cho b\u1ea1n th\u00f4ng tin v\u1ec1 ch\u00ednh s\u00e1ch b\u1ea3o m\u1eadt c\u0169ng nh\u01b0 c\u00e1c h\u1ea1n ch\u1ebf khi s\u1eed d\u1ee5ng trang web c\u1ee7a ch\u00fang t\u00f4i. B\u1ea3o m\u1eadt Ch\u00fang t\u00f4i r\u1ea5t coi tr\u1ecdng quy\u1ec1n ri\u00eang t\u01b0 c\u1ee7a b\u1ea1n v\u00e0 cam k\u1ebft th\u1ef1c hi\u1ec7n m\u1ecdi bi\u1ec7n ph\u00e1p c\u1ea7n thi\u1ebft \u0111\u1ec3 b\u1ea3o v\u1ec7 d\u1eef li\u1ec7u c\u00e1 nh\u00e2n c\u1ee7a b\u1ea1n. B\u1ea5t k\u1ef3 th\u00f4ng tin n\u00e0o [\u2026]<\/p>","protected":false},"author":1,"featured_media":0,"parent":0,"menu_order":0,"comment_status":"closed","ping_status":"closed","template":"","meta":{"footnotes":""},"class_list":["post-42","page","type-page","status-publish","hentry"],"yoast_head":"<!-- This site is optimized with the Yoast SEO plugin v20.13 - https:\/\/yoast.com\/wordpress\/plugins\/seo\/ -->\n<title>Confidentiality - defiscalisant<\/title>\n<meta name=\"robots\" content=\"index, follow, max-snippet:-1, max-image-preview:large, max-video-preview:-1\" \/>\n<link rel=\"canonical\" href=\"https:\/\/defiscalisant.com\/vi\/konfidenczialnost\/\" \/>\n<meta property=\"og:locale\" content=\"vi_VN\" \/>\n<meta property=\"og:type\" content=\"article\" \/>\n<meta property=\"og:title\" content=\"Confidentiality - defiscalisant\" \/>\n<meta property=\"og:description\" content=\"Welcome to our website. We value your interest in our services and want to provide you with information about our privacy policy as well as restrictions on the use of our site. &nbsp; Confidentiality We take your privacy very seriously and are committed to taking all necessary measures to protect your personal data. Any information [&hellip;]\" \/>\n<meta property=\"og:url\" content=\"https:\/\/defiscalisant.com\/vi\/konfidenczialnost\/\" \/>\n<meta property=\"og:site_name\" content=\"defiscalisant\" \/>\n<meta property=\"article:modified_time\" content=\"2023-09-13T18:08:32+00:00\" \/>\n<meta name=\"twitter:card\" content=\"summary_large_image\" \/>\n<meta name=\"twitter:label1\" content=\"\u01af\u1edbc t\u00ednh th\u1eddi gian \u0111\u1ecdc\" \/>\n\t<meta name=\"twitter:data1\" content=\"1 ph\u00fat\" \/>\n<script type=\"application\/ld+json\" class=\"yoast-schema-graph\">{\"@context\":\"https:\/\/schema.org\",\"@graph\":[{\"@type\":\"WebPage\",\"@id\":\"https:\/\/defiscalisant.com\/konfidenczialnost\/\",\"url\":\"https:\/\/defiscalisant.com\/konfidenczialnost\/\",\"name\":\"Confidentiality - defiscalisant\",\"isPartOf\":{\"@id\":\"https:\/\/defiscalisant.com\/#website\"},\"datePublished\":\"2023-08-08T16:56:50+00:00\",\"dateModified\":\"2023-09-13T18:08:32+00:00\",\"breadcrumb\":{\"@id\":\"https:\/\/defiscalisant.com\/konfidenczialnost\/#breadcrumb\"},\"inLanguage\":\"vi\",\"potentialAction\":[{\"@type\":\"ReadAction\",\"target\":[\"https:\/\/defiscalisant.com\/konfidenczialnost\/\"]}]},{\"@type\":\"BreadcrumbList\",\"@id\":\"https:\/\/defiscalisant.com\/konfidenczialnost\/#breadcrumb\",\"itemListElement\":[{\"@type\":\"ListItem\",\"position\":1,\"name\":\"\u0413\u043b\u0430\u0432\u043d\u0430\u044f \u0441\u0442\u0440\u0430\u043d\u0438\u0446\u0430\",\"item\":\"https:\/\/defiscalisant.com\/\"},{\"@type\":\"ListItem\",\"position\":2,\"name\":\"Confidentiality\"}]},{\"@type\":\"WebSite\",\"@id\":\"https:\/\/defiscalisant.com\/#website\",\"url\":\"https:\/\/defiscalisant.com\/\",\"name\":\"defiscalisant\",\"description\":\"defiscalisant\",\"publisher\":{\"@id\":\"https:\/\/defiscalisant.com\/#organization\"},\"potentialAction\":[{\"@type\":\"SearchAction\",\"target\":{\"@type\":\"EntryPoint\",\"urlTemplate\":\"https:\/\/defiscalisant.com\/?s={search_term_string}\"},\"query-input\":\"required name=search_term_string\"}],\"inLanguage\":\"vi\"},{\"@type\":\"Organization\",\"@id\":\"https:\/\/defiscalisant.com\/#organization\",\"name\":\"defiscalisant\",\"url\":\"https:\/\/defiscalisant.com\/\",\"logo\":{\"@type\":\"ImageObject\",\"inLanguage\":\"vi\",\"@id\":\"https:\/\/defiscalisant.com\/#\/schema\/logo\/image\/\",\"url\":\"https:\/\/defiscalisant.com\/wp-content\/uploads\/2023\/08\/logo.png\",\"contentUrl\":\"https:\/\/defiscalisant.com\/wp-content\/uploads\/2023\/08\/logo.png\",\"width\":220,\"height\":34,\"caption\":\"defiscalisant\"},\"image\":{\"@id\":\"https:\/\/defiscalisant.com\/#\/schema\/logo\/image\/\"}}]}<\/script>\n<!-- \/ Yoast SEO plugin. -->","yoast_head_json":{"title":"Confidentiality - defiscalisant","robots":{"index":"index","follow":"follow","max-snippet":"max-snippet:-1","max-image-preview":"max-image-preview:large","max-video-preview":"max-video-preview:-1"},"canonical":"https:\/\/defiscalisant.com\/vi\/konfidenczialnost\/","og_locale":"vi_VN","og_type":"article","og_title":"Confidentiality - defiscalisant","og_description":"Welcome to our website. We value your interest in our services and want to provide you with information about our privacy policy as well as restrictions on the use of our site. &nbsp; Confidentiality We take your privacy very seriously and are committed to taking all necessary measures to protect your personal data. Any information [&hellip;]","og_url":"https:\/\/defiscalisant.com\/vi\/konfidenczialnost\/","og_site_name":"defiscalisant","article_modified_time":"2023-09-13T18:08:32+00:00","twitter_card":"summary_large_image","twitter_misc":{"\u01af\u1edbc t\u00ednh th\u1eddi gian \u0111\u1ecdc":"1 ph\u00fat"},"schema":{"@context":"https:\/\/schema.org","@graph":[{"@type":"WebPage","@id":"https:\/\/defiscalisant.com\/konfidenczialnost\/","url":"https:\/\/defiscalisant.com\/konfidenczialnost\/","name":"Confidentiality - defiscalisant","isPartOf":{"@id":"https:\/\/defiscalisant.com\/#website"},"datePublished":"2023-08-08T16:56:50+00:00","dateModified":"2023-09-13T18:08:32+00:00","breadcrumb":{"@id":"https:\/\/defiscalisant.com\/konfidenczialnost\/#breadcrumb"},"inLanguage":"vi","potentialAction":[{"@type":"ReadAction","target":["https:\/\/defiscalisant.com\/konfidenczialnost\/"]}]},{"@type":"BreadcrumbList","@id":"https:\/\/defiscalisant.com\/konfidenczialnost\/#breadcrumb","itemListElement":[{"@type":"ListItem","position":1,"name":"\u0413\u043b\u0430\u0432\u043d\u0430\u044f \u0441\u0442\u0440\u0430\u043d\u0438\u0446\u0430","item":"https:\/\/defiscalisant.com\/"},{"@type":"ListItem","position":2,"name":"Confidentiality"}]},{"@type":"WebSite","@id":"https:\/\/defiscalisant.com\/#website","url":"https:\/\/defiscalisant.com\/","name":"defiscalisant","description":"defiscalisant","publisher":{"@id":"https:\/\/defiscalisant.com\/#organization"},"potentialAction":[{"@type":"SearchAction","target":{"@type":"EntryPoint","urlTemplate":"https:\/\/defiscalisant.com\/?s={search_term_string}"},"query-input":"required name=search_term_string"}],"inLanguage":"vi"},{"@type":"Organization","@id":"https:\/\/defiscalisant.com\/#organization","name":"defiscalisant","url":"https:\/\/defiscalisant.com\/","logo":{"@type":"ImageObject","inLanguage":"vi","@id":"https:\/\/defiscalisant.com\/#\/schema\/logo\/image\/","url":"https:\/\/defiscalisant.com\/wp-content\/uploads\/2023\/08\/logo.png","contentUrl":"https:\/\/defiscalisant.com\/wp-content\/uploads\/2023\/08\/logo.png","width":220,"height":34,"caption":"defiscalisant"},"image":{"@id":"https:\/\/defiscalisant.com\/#\/schema\/logo\/image\/"}}]}},"_links":{"self":[{"href":"https:\/\/defiscalisant.com\/vi\/wp-json\/wp\/v2\/pages\/42","targetHints":{"allow":["GET"]}}],"collection":[{"href":"https:\/\/defiscalisant.com\/vi\/wp-json\/wp\/v2\/pages"}],"about":[{"href":"https:\/\/defiscalisant.com\/vi\/wp-json\/wp\/v2\/types\/page"}],"author":[{"embeddable":true,"href":"https:\/\/defiscalisant.com\/vi\/wp-json\/wp\/v2\/users\/1"}],"replies":[{"embeddable":true,"href":"https:\/\/defiscalisant.com\/vi\/wp-json\/wp\/v2\/comments?post=42"}],"version-history":[{"count":3,"href":"https:\/\/defiscalisant.com\/vi\/wp-json\/wp\/v2\/pages\/42\/revisions"}],"predecessor-version":[{"id":183,"href":"https:\/\/defiscalisant.com\/vi\/wp-json\/wp\/v2\/pages\/42\/revisions\/183"}],"wp:attachment":[{"href":"https:\/\/defiscalisant.com\/vi\/wp-json\/wp\/v2\/media?parent=42"}],"curies":[{"name":"wp","href":"https:\/\/api.w.org\/{rel}","templated":true}]}}