{"id":44,"date":"2023-08-08T16:57:06","date_gmt":"2023-08-08T16:57:06","guid":{"rendered":"https:\/\/defiscalisant.com\/?page_id=44"},"modified":"2023-09-13T18:07:26","modified_gmt":"2023-09-13T18:07:26","slug":"o-nas","status":"publish","type":"page","link":"https:\/\/defiscalisant.com\/tr\/o-nas\/","title":{"rendered":"Hakk\u0131m\u0131zda"},"content":{"rendered":"<p><span class=\"HwtZe\" lang=\"en\"><span class=\"jCAhz ChMk0b\"><span class=\"ryNqvb\">K\u0131zlarla g\u00f6r\u00fcnt\u00fcl\u00fc sohbetlerimiz, yeti\u015fkin bir izleyici kitlesi i\u00e7in \u00e7evrimi\u00e7i e\u011flence d\u00fcnyas\u0131ndaki en s\u0131cak haberlerin ve en heyecan verici sohbetlerin kayna\u011f\u0131d\u0131r.<\/span><\/span> <span class=\"jCAhz ChMk0b\"><span class=\"ryNqvb\">K\u0131zlarla pop\u00fcler sohbet odalar\u0131, canl\u0131 web kameras\u0131 seksi ve samimi \u00e7evrimi\u00e7i sohbet odalar\u0131yla ilgili her \u015fey i\u00e7in g\u00fcvenilir kayna\u011f\u0131n\u0131z\u0131z.<\/span><\/span> <\/span><\/p>\n<p><span class=\"HwtZe\" lang=\"en\"><span class=\"jCAhz ChMk0b\"><span class=\"ryNqvb\">Burada \u00f6nde gelen kad\u0131n yay\u0131nc\u0131lar ve onlar\u0131n heyecan verici \u00e7evrimi\u00e7i yay\u0131nlar\u0131 hakk\u0131nda en son haberleri bulacaks\u0131n\u0131z.<\/span><\/span> <span class=\"jCAhz ChMk0b\"><span class=\"ryNqvb\">K\u0131zlar\u0131n canl\u0131 mast\u00fcrbasyon yapmas\u0131na ve azg\u0131n bayanlarla \u00e7evrimi\u00e7i sohbetlere eri\u015fim sa\u011fl\u0131yoruz.<\/span><\/span> <\/span><\/p>\n<p><span class=\"HwtZe\" lang=\"en\"><span class=\"jCAhz ChMk0b\"><span class=\"ryNqvb\">K\u0131zlarla rulet sohbet odalar\u0131m\u0131z size \u00fccretsiz porno yay\u0131nlar\u0131n\u0131n ve sonsuz e\u011flencenin tad\u0131n\u0131 \u00e7\u0131karma f\u0131rsat\u0131 veriyor.<\/span><\/span> <span class=\"jCAhz ChMk0b\"><span class=\"ryNqvb\">K\u0131zlarla \u00e7evrimi\u00e7i sohbet toplulu\u011fumuza kat\u0131l\u0131n ve kameral\u0131 seksin, k\u0131zlarla \u00fccretsiz el i\u015fi yapman\u0131n ve di\u011fer bir\u00e7ok harika \u00f6zelli\u011fin keyfini \u00e7\u0131kar\u0131n.<\/span><\/span> <span class=\"jCAhz ChMk0b\"><span class=\"ryNqvb\">E\u011flencenin hi\u00e7 bitmedi\u011fi sitemize ho\u015f geldiniz.<\/span><\/span><\/span><\/p>","protected":false},"excerpt":{"rendered":"<p>K\u0131zlarla yapt\u0131\u011f\u0131m\u0131z g\u00f6r\u00fcnt\u00fcl\u00fc sohbetler, yeti\u015fkin izleyiciler i\u00e7in \u00e7evrimi\u00e7i e\u011flence d\u00fcnyas\u0131ndaki en s\u0131cak haberlerin ve en heyecan verici konu\u015fmalar\u0131n kayna\u011f\u0131d\u0131r. K\u0131zlarla pop\u00fcler sohbet odalar\u0131, canl\u0131 web kameras\u0131 seks ve samimi \u00e7evrimi\u00e7i sohbet odalar\u0131yla ilgili her \u015fey i\u00e7in g\u00fcvenilir kayna\u011f\u0131n\u0131z biziz. Burada en son haberleri bulacaks\u0131n\u0131z [\u2026]<\/p>","protected":false},"author":1,"featured_media":0,"parent":0,"menu_order":0,"comment_status":"closed","ping_status":"closed","template":"","meta":{"footnotes":""},"class_list":["post-44","page","type-page","status-publish","hentry"],"yoast_head":"<!-- This site is optimized with the Yoast SEO plugin v20.13 - https:\/\/yoast.com\/wordpress\/plugins\/seo\/ -->\n<title>About Us - defiscalisant<\/title>\n<meta name=\"robots\" content=\"index, follow, max-snippet:-1, max-image-preview:large, max-video-preview:-1\" \/>\n<link rel=\"canonical\" href=\"https:\/\/defiscalisant.com\/tr\/o-nas\/\" \/>\n<meta property=\"og:locale\" content=\"tr_TR\" \/>\n<meta property=\"og:type\" content=\"article\" \/>\n<meta property=\"og:title\" content=\"About Us - defiscalisant\" \/>\n<meta property=\"og:description\" content=\"Our video chats with girls are the source of the hottest news and most exciting conversations in the world of online entertainment for an adult audience. We are your trusted source for popular chat rooms with girls, live webcam sex and everything related to intimate online chat rooms. Here you will find the latest news [&hellip;]\" \/>\n<meta property=\"og:url\" content=\"https:\/\/defiscalisant.com\/tr\/o-nas\/\" \/>\n<meta property=\"og:site_name\" content=\"defiscalisant\" \/>\n<meta property=\"article:modified_time\" content=\"2023-09-13T18:07:26+00:00\" \/>\n<meta name=\"twitter:card\" content=\"summary_large_image\" \/>\n<meta name=\"twitter:label1\" content=\"Tahmini okuma s\u00fcresi\" \/>\n\t<meta name=\"twitter:data1\" content=\"1 dakika\" \/>\n<script type=\"application\/ld+json\" class=\"yoast-schema-graph\">{\"@context\":\"https:\/\/schema.org\",\"@graph\":[{\"@type\":\"WebPage\",\"@id\":\"https:\/\/defiscalisant.com\/o-nas\/\",\"url\":\"https:\/\/defiscalisant.com\/o-nas\/\",\"name\":\"About Us - defiscalisant\",\"isPartOf\":{\"@id\":\"https:\/\/defiscalisant.com\/#website\"},\"datePublished\":\"2023-08-08T16:57:06+00:00\",\"dateModified\":\"2023-09-13T18:07:26+00:00\",\"breadcrumb\":{\"@id\":\"https:\/\/defiscalisant.com\/o-nas\/#breadcrumb\"},\"inLanguage\":\"tr\",\"potentialAction\":[{\"@type\":\"ReadAction\",\"target\":[\"https:\/\/defiscalisant.com\/o-nas\/\"]}]},{\"@type\":\"BreadcrumbList\",\"@id\":\"https:\/\/defiscalisant.com\/o-nas\/#breadcrumb\",\"itemListElement\":[{\"@type\":\"ListItem\",\"position\":1,\"name\":\"\u0413\u043b\u0430\u0432\u043d\u0430\u044f \u0441\u0442\u0440\u0430\u043d\u0438\u0446\u0430\",\"item\":\"https:\/\/defiscalisant.com\/\"},{\"@type\":\"ListItem\",\"position\":2,\"name\":\"About Us\"}]},{\"@type\":\"WebSite\",\"@id\":\"https:\/\/defiscalisant.com\/#website\",\"url\":\"https:\/\/defiscalisant.com\/\",\"name\":\"defiscalisant\",\"description\":\"defiscalisant\",\"publisher\":{\"@id\":\"https:\/\/defiscalisant.com\/#organization\"},\"potentialAction\":[{\"@type\":\"SearchAction\",\"target\":{\"@type\":\"EntryPoint\",\"urlTemplate\":\"https:\/\/defiscalisant.com\/?s={search_term_string}\"},\"query-input\":\"required name=search_term_string\"}],\"inLanguage\":\"tr\"},{\"@type\":\"Organization\",\"@id\":\"https:\/\/defiscalisant.com\/#organization\",\"name\":\"defiscalisant\",\"url\":\"https:\/\/defiscalisant.com\/\",\"logo\":{\"@type\":\"ImageObject\",\"inLanguage\":\"tr\",\"@id\":\"https:\/\/defiscalisant.com\/#\/schema\/logo\/image\/\",\"url\":\"https:\/\/defiscalisant.com\/wp-content\/uploads\/2023\/08\/logo.png\",\"contentUrl\":\"https:\/\/defiscalisant.com\/wp-content\/uploads\/2023\/08\/logo.png\",\"width\":220,\"height\":34,\"caption\":\"defiscalisant\"},\"image\":{\"@id\":\"https:\/\/defiscalisant.com\/#\/schema\/logo\/image\/\"}}]}<\/script>\n<!-- \/ Yoast SEO plugin. -->","yoast_head_json":{"title":"About Us - defiscalisant","robots":{"index":"index","follow":"follow","max-snippet":"max-snippet:-1","max-image-preview":"max-image-preview:large","max-video-preview":"max-video-preview:-1"},"canonical":"https:\/\/defiscalisant.com\/tr\/o-nas\/","og_locale":"tr_TR","og_type":"article","og_title":"About Us - defiscalisant","og_description":"Our video chats with girls are the source of the hottest news and most exciting conversations in the world of online entertainment for an adult audience. We are your trusted source for popular chat rooms with girls, live webcam sex and everything related to intimate online chat rooms. Here you will find the latest news [&hellip;]","og_url":"https:\/\/defiscalisant.com\/tr\/o-nas\/","og_site_name":"defiscalisant","article_modified_time":"2023-09-13T18:07:26+00:00","twitter_card":"summary_large_image","twitter_misc":{"Tahmini okuma s\u00fcresi":"1 dakika"},"schema":{"@context":"https:\/\/schema.org","@graph":[{"@type":"WebPage","@id":"https:\/\/defiscalisant.com\/o-nas\/","url":"https:\/\/defiscalisant.com\/o-nas\/","name":"About Us - defiscalisant","isPartOf":{"@id":"https:\/\/defiscalisant.com\/#website"},"datePublished":"2023-08-08T16:57:06+00:00","dateModified":"2023-09-13T18:07:26+00:00","breadcrumb":{"@id":"https:\/\/defiscalisant.com\/o-nas\/#breadcrumb"},"inLanguage":"tr","potentialAction":[{"@type":"ReadAction","target":["https:\/\/defiscalisant.com\/o-nas\/"]}]},{"@type":"BreadcrumbList","@id":"https:\/\/defiscalisant.com\/o-nas\/#breadcrumb","itemListElement":[{"@type":"ListItem","position":1,"name":"\u0413\u043b\u0430\u0432\u043d\u0430\u044f \u0441\u0442\u0440\u0430\u043d\u0438\u0446\u0430","item":"https:\/\/defiscalisant.com\/"},{"@type":"ListItem","position":2,"name":"About Us"}]},{"@type":"WebSite","@id":"https:\/\/defiscalisant.com\/#website","url":"https:\/\/defiscalisant.com\/","name":"defiscalisant","description":"defiscalisant","publisher":{"@id":"https:\/\/defiscalisant.com\/#organization"},"potentialAction":[{"@type":"SearchAction","target":{"@type":"EntryPoint","urlTemplate":"https:\/\/defiscalisant.com\/?s={search_term_string}"},"query-input":"required name=search_term_string"}],"inLanguage":"tr"},{"@type":"Organization","@id":"https:\/\/defiscalisant.com\/#organization","name":"defiscalisant","url":"https:\/\/defiscalisant.com\/","logo":{"@type":"ImageObject","inLanguage":"tr","@id":"https:\/\/defiscalisant.com\/#\/schema\/logo\/image\/","url":"https:\/\/defiscalisant.com\/wp-content\/uploads\/2023\/08\/logo.png","contentUrl":"https:\/\/defiscalisant.com\/wp-content\/uploads\/2023\/08\/logo.png","width":220,"height":34,"caption":"defiscalisant"},"image":{"@id":"https:\/\/defiscalisant.com\/#\/schema\/logo\/image\/"}}]}},"_links":{"self":[{"href":"https:\/\/defiscalisant.com\/tr\/wp-json\/wp\/v2\/pages\/44","targetHints":{"allow":["GET"]}}],"collection":[{"href":"https:\/\/defiscalisant.com\/tr\/wp-json\/wp\/v2\/pages"}],"about":[{"href":"https:\/\/defiscalisant.com\/tr\/wp-json\/wp\/v2\/types\/page"}],"author":[{"embeddable":true,"href":"https:\/\/defiscalisant.com\/tr\/wp-json\/wp\/v2\/users\/1"}],"replies":[{"embeddable":true,"href":"https:\/\/defiscalisant.com\/tr\/wp-json\/wp\/v2\/comments?post=44"}],"version-history":[{"count":3,"href":"https:\/\/defiscalisant.com\/tr\/wp-json\/wp\/v2\/pages\/44\/revisions"}],"predecessor-version":[{"id":182,"href":"https:\/\/defiscalisant.com\/tr\/wp-json\/wp\/v2\/pages\/44\/revisions\/182"}],"wp:attachment":[{"href":"https:\/\/defiscalisant.com\/tr\/wp-json\/wp\/v2\/media?parent=44"}],"curies":[{"name":"wp","href":"https:\/\/api.w.org\/{rel}","templated":true}]}}