{"id":44,"date":"2023-08-08T16:57:06","date_gmt":"2023-08-08T16:57:06","guid":{"rendered":"https:\/\/defiscalisant.com\/?page_id=44"},"modified":"2023-09-13T18:07:26","modified_gmt":"2023-09-13T18:07:26","slug":"o-nas","status":"publish","type":"page","link":"https:\/\/defiscalisant.com\/pt_br\/o-nas\/","title":{"rendered":"Sobre n\u00f3s"},"content":{"rendered":"<p><span class=\"HwtZe\" lang=\"en\"><span class=\"jCAhz ChMk0b\"><span class=\"ryNqvb\">Nossos bate-papos em v\u00eddeo com garotas s\u00e3o a fonte das not\u00edcias mais quentes e das conversas mais empolgantes do mundo do entretenimento online para um p\u00fablico adulto.<\/span><\/span> <span class=\"jCAhz ChMk0b\"><span class=\"ryNqvb\">Somos sua fonte confi\u00e1vel para salas de bate-papo populares com garotas, sexo ao vivo por webcam e tudo relacionado a salas de bate-papo \u00edntimas online.<\/span><\/span> <\/span><\/p>\n<p><span class=\"HwtZe\" lang=\"en\"><span class=\"jCAhz ChMk0b\"><span class=\"ryNqvb\">Aqui voc\u00ea encontrar\u00e1 as \u00faltimas not\u00edcias sobre as principais streamers femininas e suas empolgantes transmiss\u00f5es online.<\/span><\/span> <span class=\"jCAhz ChMk0b\"><span class=\"ryNqvb\">Oferecemos acesso a masturba\u00e7\u00e3o ao vivo de garotas e bate-papo online com mulheres excitadas.<\/span><\/span> <\/span><\/p>\n<p><span class=\"HwtZe\" lang=\"en\"><span class=\"jCAhz ChMk0b\"><span class=\"ryNqvb\">Nossas salas de bate-papo com roleta e garotas oferecem a oportunidade de curtir transmiss\u00f5es pornogr\u00e1ficas gratuitas e divers\u00e3o sem fim.<\/span><\/span> <span class=\"jCAhz ChMk0b\"><span class=\"ryNqvb\">Junte-se \u00e0 nossa comunidade de bate-papo online com garotas e aproveite sexo por webcam, masturba\u00e7\u00e3o gratuita com garotas e muitos outros recursos incr\u00edveis.<\/span><\/span> <span class=\"jCAhz ChMk0b\"><span class=\"ryNqvb\">Bem-vindo ao nosso site, onde a divers\u00e3o nunca acaba.<\/span><\/span><\/span><\/p>","protected":false},"excerpt":{"rendered":"<p>Nossos chats de v\u00eddeo com garotas s\u00e3o a fonte das not\u00edcias mais quentes e das conversas mais empolgantes do mundo do entretenimento online para um p\u00fablico adulto. Somos sua fonte confi\u00e1vel para salas de bate-papo populares com garotas, sexo ao vivo por webcam e tudo relacionado a salas de bate-papo \u00edntimas online. Aqui voc\u00ea encontrar\u00e1 as \u00faltimas not\u00edcias [\u2026]<\/p>","protected":false},"author":1,"featured_media":0,"parent":0,"menu_order":0,"comment_status":"closed","ping_status":"closed","template":"","meta":{"footnotes":""},"class_list":["post-44","page","type-page","status-publish","hentry"],"yoast_head":"<!-- This site is optimized with the Yoast SEO plugin v20.13 - https:\/\/yoast.com\/wordpress\/plugins\/seo\/ -->\n<title>About Us - defiscalisant<\/title>\n<meta name=\"robots\" content=\"index, follow, max-snippet:-1, max-image-preview:large, max-video-preview:-1\" \/>\n<link rel=\"canonical\" href=\"https:\/\/defiscalisant.com\/pt_br\/o-nas\/\" \/>\n<meta property=\"og:locale\" content=\"pt_BR\" \/>\n<meta property=\"og:type\" content=\"article\" \/>\n<meta property=\"og:title\" content=\"About Us - defiscalisant\" \/>\n<meta property=\"og:description\" content=\"Our video chats with girls are the source of the hottest news and most exciting conversations in the world of online entertainment for an adult audience. We are your trusted source for popular chat rooms with girls, live webcam sex and everything related to intimate online chat rooms. Here you will find the latest news [&hellip;]\" \/>\n<meta property=\"og:url\" content=\"https:\/\/defiscalisant.com\/pt_br\/o-nas\/\" \/>\n<meta property=\"og:site_name\" content=\"defiscalisant\" \/>\n<meta property=\"article:modified_time\" content=\"2023-09-13T18:07:26+00:00\" \/>\n<meta name=\"twitter:card\" content=\"summary_large_image\" \/>\n<meta name=\"twitter:label1\" content=\"Est. tempo de leitura\" \/>\n\t<meta name=\"twitter:data1\" content=\"1 minuto\" \/>\n<script type=\"application\/ld+json\" class=\"yoast-schema-graph\">{\"@context\":\"https:\/\/schema.org\",\"@graph\":[{\"@type\":\"WebPage\",\"@id\":\"https:\/\/defiscalisant.com\/o-nas\/\",\"url\":\"https:\/\/defiscalisant.com\/o-nas\/\",\"name\":\"About Us - defiscalisant\",\"isPartOf\":{\"@id\":\"https:\/\/defiscalisant.com\/#website\"},\"datePublished\":\"2023-08-08T16:57:06+00:00\",\"dateModified\":\"2023-09-13T18:07:26+00:00\",\"breadcrumb\":{\"@id\":\"https:\/\/defiscalisant.com\/o-nas\/#breadcrumb\"},\"inLanguage\":\"pt-BR\",\"potentialAction\":[{\"@type\":\"ReadAction\",\"target\":[\"https:\/\/defiscalisant.com\/o-nas\/\"]}]},{\"@type\":\"BreadcrumbList\",\"@id\":\"https:\/\/defiscalisant.com\/o-nas\/#breadcrumb\",\"itemListElement\":[{\"@type\":\"ListItem\",\"position\":1,\"name\":\"\u0413\u043b\u0430\u0432\u043d\u0430\u044f \u0441\u0442\u0440\u0430\u043d\u0438\u0446\u0430\",\"item\":\"https:\/\/defiscalisant.com\/\"},{\"@type\":\"ListItem\",\"position\":2,\"name\":\"About Us\"}]},{\"@type\":\"WebSite\",\"@id\":\"https:\/\/defiscalisant.com\/#website\",\"url\":\"https:\/\/defiscalisant.com\/\",\"name\":\"defiscalisant\",\"description\":\"defiscalisant\",\"publisher\":{\"@id\":\"https:\/\/defiscalisant.com\/#organization\"},\"potentialAction\":[{\"@type\":\"SearchAction\",\"target\":{\"@type\":\"EntryPoint\",\"urlTemplate\":\"https:\/\/defiscalisant.com\/?s={search_term_string}\"},\"query-input\":\"required name=search_term_string\"}],\"inLanguage\":\"pt-BR\"},{\"@type\":\"Organization\",\"@id\":\"https:\/\/defiscalisant.com\/#organization\",\"name\":\"defiscalisant\",\"url\":\"https:\/\/defiscalisant.com\/\",\"logo\":{\"@type\":\"ImageObject\",\"inLanguage\":\"pt-BR\",\"@id\":\"https:\/\/defiscalisant.com\/#\/schema\/logo\/image\/\",\"url\":\"https:\/\/defiscalisant.com\/wp-content\/uploads\/2023\/08\/logo.png\",\"contentUrl\":\"https:\/\/defiscalisant.com\/wp-content\/uploads\/2023\/08\/logo.png\",\"width\":220,\"height\":34,\"caption\":\"defiscalisant\"},\"image\":{\"@id\":\"https:\/\/defiscalisant.com\/#\/schema\/logo\/image\/\"}}]}<\/script>\n<!-- \/ Yoast SEO plugin. -->","yoast_head_json":{"title":"About Us - defiscalisant","robots":{"index":"index","follow":"follow","max-snippet":"max-snippet:-1","max-image-preview":"max-image-preview:large","max-video-preview":"max-video-preview:-1"},"canonical":"https:\/\/defiscalisant.com\/pt_br\/o-nas\/","og_locale":"pt_BR","og_type":"article","og_title":"About Us - defiscalisant","og_description":"Our video chats with girls are the source of the hottest news and most exciting conversations in the world of online entertainment for an adult audience. We are your trusted source for popular chat rooms with girls, live webcam sex and everything related to intimate online chat rooms. Here you will find the latest news [&hellip;]","og_url":"https:\/\/defiscalisant.com\/pt_br\/o-nas\/","og_site_name":"defiscalisant","article_modified_time":"2023-09-13T18:07:26+00:00","twitter_card":"summary_large_image","twitter_misc":{"Est. tempo de leitura":"1 minuto"},"schema":{"@context":"https:\/\/schema.org","@graph":[{"@type":"WebPage","@id":"https:\/\/defiscalisant.com\/o-nas\/","url":"https:\/\/defiscalisant.com\/o-nas\/","name":"About Us - defiscalisant","isPartOf":{"@id":"https:\/\/defiscalisant.com\/#website"},"datePublished":"2023-08-08T16:57:06+00:00","dateModified":"2023-09-13T18:07:26+00:00","breadcrumb":{"@id":"https:\/\/defiscalisant.com\/o-nas\/#breadcrumb"},"inLanguage":"pt-BR","potentialAction":[{"@type":"ReadAction","target":["https:\/\/defiscalisant.com\/o-nas\/"]}]},{"@type":"BreadcrumbList","@id":"https:\/\/defiscalisant.com\/o-nas\/#breadcrumb","itemListElement":[{"@type":"ListItem","position":1,"name":"\u0413\u043b\u0430\u0432\u043d\u0430\u044f \u0441\u0442\u0440\u0430\u043d\u0438\u0446\u0430","item":"https:\/\/defiscalisant.com\/"},{"@type":"ListItem","position":2,"name":"About Us"}]},{"@type":"WebSite","@id":"https:\/\/defiscalisant.com\/#website","url":"https:\/\/defiscalisant.com\/","name":"defiscalisant","description":"defiscalisant","publisher":{"@id":"https:\/\/defiscalisant.com\/#organization"},"potentialAction":[{"@type":"SearchAction","target":{"@type":"EntryPoint","urlTemplate":"https:\/\/defiscalisant.com\/?s={search_term_string}"},"query-input":"required name=search_term_string"}],"inLanguage":"pt-BR"},{"@type":"Organization","@id":"https:\/\/defiscalisant.com\/#organization","name":"defiscalisant","url":"https:\/\/defiscalisant.com\/","logo":{"@type":"ImageObject","inLanguage":"pt-BR","@id":"https:\/\/defiscalisant.com\/#\/schema\/logo\/image\/","url":"https:\/\/defiscalisant.com\/wp-content\/uploads\/2023\/08\/logo.png","contentUrl":"https:\/\/defiscalisant.com\/wp-content\/uploads\/2023\/08\/logo.png","width":220,"height":34,"caption":"defiscalisant"},"image":{"@id":"https:\/\/defiscalisant.com\/#\/schema\/logo\/image\/"}}]}},"_links":{"self":[{"href":"https:\/\/defiscalisant.com\/pt_br\/wp-json\/wp\/v2\/pages\/44","targetHints":{"allow":["GET"]}}],"collection":[{"href":"https:\/\/defiscalisant.com\/pt_br\/wp-json\/wp\/v2\/pages"}],"about":[{"href":"https:\/\/defiscalisant.com\/pt_br\/wp-json\/wp\/v2\/types\/page"}],"author":[{"embeddable":true,"href":"https:\/\/defiscalisant.com\/pt_br\/wp-json\/wp\/v2\/users\/1"}],"replies":[{"embeddable":true,"href":"https:\/\/defiscalisant.com\/pt_br\/wp-json\/wp\/v2\/comments?post=44"}],"version-history":[{"count":3,"href":"https:\/\/defiscalisant.com\/pt_br\/wp-json\/wp\/v2\/pages\/44\/revisions"}],"predecessor-version":[{"id":182,"href":"https:\/\/defiscalisant.com\/pt_br\/wp-json\/wp\/v2\/pages\/44\/revisions\/182"}],"wp:attachment":[{"href":"https:\/\/defiscalisant.com\/pt_br\/wp-json\/wp\/v2\/media?parent=44"}],"curies":[{"name":"wp","href":"https:\/\/api.w.org\/{rel}","templated":true}]}}