{"id":44,"date":"2023-08-08T16:57:06","date_gmt":"2023-08-08T16:57:06","guid":{"rendered":"https:\/\/defiscalisant.com\/?page_id=44"},"modified":"2023-09-13T18:07:26","modified_gmt":"2023-09-13T18:07:26","slug":"o-nas","status":"publish","type":"page","link":"https:\/\/defiscalisant.com\/pl\/o-nas\/","title":{"rendered":"O nas"},"content":{"rendered":"<p><span class=\"HwtZe\" lang=\"en\"><span class=\"jCAhz ChMk0b\"><span class=\"ryNqvb\">Nasze czaty wideo z dziewczynami s\u0105 \u017ar\u00f3d\u0142em najgor\u0119tszych wiadomo\u015bci i najbardziej ekscytuj\u0105cych rozm\u00f3w w \u015bwiecie rozrywki online dla doros\u0142ych odbiorc\u00f3w.<\/span><\/span> <span class=\"jCAhz ChMk0b\"><span class=\"ryNqvb\">Jeste\u015bmy Twoim zaufanym \u017ar\u00f3d\u0142em popularnych czat\u00f3w z dziewczynami, seksu na \u017cywo przed kamer\u0105 internetow\u0105 i wszystkiego, co jest zwi\u0105zane z intymnymi pokojami rozm\u00f3w online.<\/span><\/span> <\/span><\/p>\n<p><span class=\"HwtZe\" lang=\"en\"><span class=\"jCAhz ChMk0b\"><span class=\"ryNqvb\">Tutaj znajdziesz naj\u015bwie\u017csze informacje na temat wiod\u0105cych streamerek i ich ekscytuj\u0105cych transmisji online.<\/span><\/span> <span class=\"jCAhz ChMk0b\"><span class=\"ryNqvb\">Zapewniamy dost\u0119p do masturbacji dziewcz\u0105t na \u017cywo i czat\u00f3w online z napalonymi kobietami.<\/span><\/span> <\/span><\/p>\n<p><span class=\"HwtZe\" lang=\"en\"><span class=\"jCAhz ChMk0b\"><span class=\"ryNqvb\">Nasze czaty w ruletce z dziewczynami daj\u0105 Ci mo\u017cliwo\u015b\u0107 cieszenia si\u0119 darmowymi transmisjami porno i nieko\u0144cz\u0105c\u0105 si\u0119 zabaw\u0105.<\/span><\/span> <span class=\"jCAhz ChMk0b\"><span class=\"ryNqvb\">Do\u0142\u0105cz do naszej spo\u0142eczno\u015bci czatu online z dziewczynami i ciesz si\u0119 seksem przed kamer\u0105, darmowymi rob\u00f3tkami r\u0119cznymi z dziewczynami i wieloma innymi niesamowitymi funkcjami.<\/span><\/span> <span class=\"jCAhz ChMk0b\"><span class=\"ryNqvb\">Witamy na naszej stronie, gdzie zabawa nigdy si\u0119 nie ko\u0144czy.<\/span><\/span><\/span><\/p>","protected":false},"excerpt":{"rendered":"<p>Nasze wideoczaty z dziewczynami to \u017ar\u00f3d\u0142o najgor\u0119tszych wiadomo\u015bci i najbardziej ekscytuj\u0105cych rozm\u00f3w w \u015bwiecie rozrywki online dla doros\u0142ych. Jeste\u015bmy Twoim zaufanym \u017ar\u00f3d\u0142em popularnych czat\u00f3w z dziewczynami, seksu na \u017cywo przez kamerk\u0119 i wszystkiego, co zwi\u0105zane z intymnymi czatami online. Tutaj znajdziesz najnowsze wiadomo\u015bci [\u2026]<\/p>","protected":false},"author":1,"featured_media":0,"parent":0,"menu_order":0,"comment_status":"closed","ping_status":"closed","template":"","meta":{"footnotes":""},"class_list":["post-44","page","type-page","status-publish","hentry"],"yoast_head":"<!-- This site is optimized with the Yoast SEO plugin v20.13 - https:\/\/yoast.com\/wordpress\/plugins\/seo\/ -->\n<title>About Us - defiscalisant<\/title>\n<meta name=\"robots\" content=\"index, follow, max-snippet:-1, max-image-preview:large, max-video-preview:-1\" \/>\n<link rel=\"canonical\" href=\"https:\/\/defiscalisant.com\/pl\/o-nas\/\" \/>\n<meta property=\"og:locale\" content=\"pl_PL\" \/>\n<meta property=\"og:type\" content=\"article\" \/>\n<meta property=\"og:title\" content=\"About Us - defiscalisant\" \/>\n<meta property=\"og:description\" content=\"Our video chats with girls are the source of the hottest news and most exciting conversations in the world of online entertainment for an adult audience. We are your trusted source for popular chat rooms with girls, live webcam sex and everything related to intimate online chat rooms. Here you will find the latest news [&hellip;]\" \/>\n<meta property=\"og:url\" content=\"https:\/\/defiscalisant.com\/pl\/o-nas\/\" \/>\n<meta property=\"og:site_name\" content=\"defiscalisant\" \/>\n<meta property=\"article:modified_time\" content=\"2023-09-13T18:07:26+00:00\" \/>\n<meta name=\"twitter:card\" content=\"summary_large_image\" \/>\n<meta name=\"twitter:label1\" content=\"Szacowany czas czytania\" \/>\n\t<meta name=\"twitter:data1\" content=\"1 minuta\" \/>\n<script type=\"application\/ld+json\" class=\"yoast-schema-graph\">{\"@context\":\"https:\/\/schema.org\",\"@graph\":[{\"@type\":\"WebPage\",\"@id\":\"https:\/\/defiscalisant.com\/o-nas\/\",\"url\":\"https:\/\/defiscalisant.com\/o-nas\/\",\"name\":\"About Us - defiscalisant\",\"isPartOf\":{\"@id\":\"https:\/\/defiscalisant.com\/#website\"},\"datePublished\":\"2023-08-08T16:57:06+00:00\",\"dateModified\":\"2023-09-13T18:07:26+00:00\",\"breadcrumb\":{\"@id\":\"https:\/\/defiscalisant.com\/o-nas\/#breadcrumb\"},\"inLanguage\":\"pl-PL\",\"potentialAction\":[{\"@type\":\"ReadAction\",\"target\":[\"https:\/\/defiscalisant.com\/o-nas\/\"]}]},{\"@type\":\"BreadcrumbList\",\"@id\":\"https:\/\/defiscalisant.com\/o-nas\/#breadcrumb\",\"itemListElement\":[{\"@type\":\"ListItem\",\"position\":1,\"name\":\"\u0413\u043b\u0430\u0432\u043d\u0430\u044f \u0441\u0442\u0440\u0430\u043d\u0438\u0446\u0430\",\"item\":\"https:\/\/defiscalisant.com\/\"},{\"@type\":\"ListItem\",\"position\":2,\"name\":\"About Us\"}]},{\"@type\":\"WebSite\",\"@id\":\"https:\/\/defiscalisant.com\/#website\",\"url\":\"https:\/\/defiscalisant.com\/\",\"name\":\"defiscalisant\",\"description\":\"defiscalisant\",\"publisher\":{\"@id\":\"https:\/\/defiscalisant.com\/#organization\"},\"potentialAction\":[{\"@type\":\"SearchAction\",\"target\":{\"@type\":\"EntryPoint\",\"urlTemplate\":\"https:\/\/defiscalisant.com\/?s={search_term_string}\"},\"query-input\":\"required name=search_term_string\"}],\"inLanguage\":\"pl-PL\"},{\"@type\":\"Organization\",\"@id\":\"https:\/\/defiscalisant.com\/#organization\",\"name\":\"defiscalisant\",\"url\":\"https:\/\/defiscalisant.com\/\",\"logo\":{\"@type\":\"ImageObject\",\"inLanguage\":\"pl-PL\",\"@id\":\"https:\/\/defiscalisant.com\/#\/schema\/logo\/image\/\",\"url\":\"https:\/\/defiscalisant.com\/wp-content\/uploads\/2023\/08\/logo.png\",\"contentUrl\":\"https:\/\/defiscalisant.com\/wp-content\/uploads\/2023\/08\/logo.png\",\"width\":220,\"height\":34,\"caption\":\"defiscalisant\"},\"image\":{\"@id\":\"https:\/\/defiscalisant.com\/#\/schema\/logo\/image\/\"}}]}<\/script>\n<!-- \/ Yoast SEO plugin. -->","yoast_head_json":{"title":"About Us - defiscalisant","robots":{"index":"index","follow":"follow","max-snippet":"max-snippet:-1","max-image-preview":"max-image-preview:large","max-video-preview":"max-video-preview:-1"},"canonical":"https:\/\/defiscalisant.com\/pl\/o-nas\/","og_locale":"pl_PL","og_type":"article","og_title":"About Us - defiscalisant","og_description":"Our video chats with girls are the source of the hottest news and most exciting conversations in the world of online entertainment for an adult audience. We are your trusted source for popular chat rooms with girls, live webcam sex and everything related to intimate online chat rooms. Here you will find the latest news [&hellip;]","og_url":"https:\/\/defiscalisant.com\/pl\/o-nas\/","og_site_name":"defiscalisant","article_modified_time":"2023-09-13T18:07:26+00:00","twitter_card":"summary_large_image","twitter_misc":{"Szacowany czas czytania":"1 minuta"},"schema":{"@context":"https:\/\/schema.org","@graph":[{"@type":"WebPage","@id":"https:\/\/defiscalisant.com\/o-nas\/","url":"https:\/\/defiscalisant.com\/o-nas\/","name":"About Us - defiscalisant","isPartOf":{"@id":"https:\/\/defiscalisant.com\/#website"},"datePublished":"2023-08-08T16:57:06+00:00","dateModified":"2023-09-13T18:07:26+00:00","breadcrumb":{"@id":"https:\/\/defiscalisant.com\/o-nas\/#breadcrumb"},"inLanguage":"pl-PL","potentialAction":[{"@type":"ReadAction","target":["https:\/\/defiscalisant.com\/o-nas\/"]}]},{"@type":"BreadcrumbList","@id":"https:\/\/defiscalisant.com\/o-nas\/#breadcrumb","itemListElement":[{"@type":"ListItem","position":1,"name":"\u0413\u043b\u0430\u0432\u043d\u0430\u044f \u0441\u0442\u0440\u0430\u043d\u0438\u0446\u0430","item":"https:\/\/defiscalisant.com\/"},{"@type":"ListItem","position":2,"name":"About Us"}]},{"@type":"WebSite","@id":"https:\/\/defiscalisant.com\/#website","url":"https:\/\/defiscalisant.com\/","name":"defiscalisant","description":"defiscalisant","publisher":{"@id":"https:\/\/defiscalisant.com\/#organization"},"potentialAction":[{"@type":"SearchAction","target":{"@type":"EntryPoint","urlTemplate":"https:\/\/defiscalisant.com\/?s={search_term_string}"},"query-input":"required name=search_term_string"}],"inLanguage":"pl-PL"},{"@type":"Organization","@id":"https:\/\/defiscalisant.com\/#organization","name":"defiscalisant","url":"https:\/\/defiscalisant.com\/","logo":{"@type":"ImageObject","inLanguage":"pl-PL","@id":"https:\/\/defiscalisant.com\/#\/schema\/logo\/image\/","url":"https:\/\/defiscalisant.com\/wp-content\/uploads\/2023\/08\/logo.png","contentUrl":"https:\/\/defiscalisant.com\/wp-content\/uploads\/2023\/08\/logo.png","width":220,"height":34,"caption":"defiscalisant"},"image":{"@id":"https:\/\/defiscalisant.com\/#\/schema\/logo\/image\/"}}]}},"_links":{"self":[{"href":"https:\/\/defiscalisant.com\/pl\/wp-json\/wp\/v2\/pages\/44","targetHints":{"allow":["GET"]}}],"collection":[{"href":"https:\/\/defiscalisant.com\/pl\/wp-json\/wp\/v2\/pages"}],"about":[{"href":"https:\/\/defiscalisant.com\/pl\/wp-json\/wp\/v2\/types\/page"}],"author":[{"embeddable":true,"href":"https:\/\/defiscalisant.com\/pl\/wp-json\/wp\/v2\/users\/1"}],"replies":[{"embeddable":true,"href":"https:\/\/defiscalisant.com\/pl\/wp-json\/wp\/v2\/comments?post=44"}],"version-history":[{"count":3,"href":"https:\/\/defiscalisant.com\/pl\/wp-json\/wp\/v2\/pages\/44\/revisions"}],"predecessor-version":[{"id":182,"href":"https:\/\/defiscalisant.com\/pl\/wp-json\/wp\/v2\/pages\/44\/revisions\/182"}],"wp:attachment":[{"href":"https:\/\/defiscalisant.com\/pl\/wp-json\/wp\/v2\/media?parent=44"}],"curies":[{"name":"wp","href":"https:\/\/api.w.org\/{rel}","templated":true}]}}