{"id":42,"date":"2023-08-08T16:56:50","date_gmt":"2023-08-08T16:56:50","guid":{"rendered":"https:\/\/defiscalisant.com\/?page_id=42"},"modified":"2023-09-13T18:08:32","modified_gmt":"2023-09-13T18:08:32","slug":"konfidenczialnost","status":"publish","type":"page","link":"https:\/\/defiscalisant.com\/lt\/konfidencialumas\/","title":{"rendered":"Konfidencialumas"},"content":{"rendered":"<p><span class=\"HwtZe\" lang=\"en\"><span class=\"jCAhz ChMk0b\"><span class=\"ryNqvb\">Sveiki atvyk\u0119 \u012f m\u016bs\u0173 svetain\u0119.<\/span><\/span> <span class=\"jCAhz ChMk0b\"><span class=\"ryNqvb\">Vertiname J\u016bs\u0173 susidom\u0117jim\u0105 m\u016bs\u0173 paslaugomis ir norime pateikti Jums informacijos apie m\u016bs\u0173 privatumo politik\u0105, taip pat apie m\u016bs\u0173 svetain\u0117s naudojimo apribojimus.<\/span><\/span> <\/span><\/p>\n<p>&nbsp;<\/p>\n<p><strong><span class=\"HwtZe\" lang=\"en\"><span class=\"jCAhz ChMk0b\"><span class=\"ryNqvb\">Konfidencialumas<\/span><\/span> <\/span><\/strong><\/p>\n<p><span class=\"HwtZe\" lang=\"en\"><span class=\"jCAhz ChMk0b\"><span class=\"ryNqvb\">Mes labai rimtai \u017ei\u016brime \u012f j\u016bs\u0173 privatum\u0105 ir esame \u012fsipareigoj\u0119 imtis vis\u0173 b\u016btin\u0173 priemoni\u0173 j\u016bs\u0173 asmens duomenims apsaugoti.<\/span><\/span> <span class=\"jCAhz ChMk0b\"><span class=\"ryNqvb\">Bet kokia informacija, kuri\u0105 pateikiate mums naudodamiesi m\u016bs\u0173 svetaine, bus naudojama tik laikantis m\u016bs\u0173 privatumo politikos.<\/span><\/span> <span class=\"jCAhz ChMk0b\"><span class=\"ryNqvb\">Mes niekada neatskleisime j\u016bs\u0173 asmens duomen\u0173 tre\u010diosioms \u0161alims be j\u016bs\u0173 ai\u0161kaus sutikimo.<\/span><\/span> <\/span><\/p>\n<p>&nbsp;<\/p>\n<p><strong><span class=\"HwtZe\" lang=\"en\"><span class=\"jCAhz ChMk0b\"><span class=\"ryNqvb\">Apribojimai<\/span><\/span> <\/span><\/strong><\/p>\n<p><span class=\"HwtZe\" lang=\"en\"><span class=\"jCAhz ChMk0b\"><span class=\"ryNqvb\">Visa m\u016bs\u0173 svetain\u0117je esanti med\u017eiaga skirta tik suaugusi\u0173j\u0173 auditorijai.<\/span><\/span> <\/span><\/p>\n<p><span class=\"HwtZe\" lang=\"en\"><span class=\"jCAhz ChMk0b\"><span class=\"ryNqvb\">Grie\u017etai draud\u017eiame jaunesniems nei 18 met\u0173 asmenims prieig\u0105 prie m\u016bs\u0173 turinio.<\/span><\/span> <span class=\"jCAhz ChMk0b\"><span class=\"ryNqvb\">Esame atsakingi prie\u0161 \u012fstatymus ir visi\u0161kai palaikome am\u017eiaus apribojimus.<\/span><\/span> <span class=\"jCAhz ChMk0b\"><span class=\"ryNqvb\">Taip pat norime pabr\u0117\u017eti, kad visas m\u016bs\u0173 svetain\u0117s turinys yra i\u0161galvotas ir skirtas tik pramogoms.<\/span><\/span> <span class=\"jCAhz ChMk0b\"><span class=\"ryNqvb\">Naudodamiesi m\u016bs\u0173 svetaine, j\u016bs patvirtinate, kad esate pilnametis ir kad suprantate bei sutinkate su m\u016bs\u0173 politika bei apribojimais.<\/span><\/span> <span class=\"jCAhz ChMk0b\"><span class=\"ryNqvb\">Raginame visus lankytojus laikytis \u012fstatym\u0173 ir kit\u0173 teis\u0117s akt\u0173, reglamentuojan\u010di\u0173 suaugusi\u0173j\u0173 interneto i\u0161tekli\u0173 naudojim\u0105.<\/span><\/span><\/span><\/p>","protected":false},"excerpt":{"rendered":"<p>Sveiki atvyk\u0119 \u012f m\u016bs\u0173 svetain\u0119. Vertiname j\u016bs\u0173 susidom\u0117jim\u0105 m\u016bs\u0173 paslaugomis ir norime pateikti jums informacijos apie m\u016bs\u0173 privatumo politik\u0105, taip pat apie svetain\u0117s naudojimo apribojimus. Konfidencialumas Mes labai rimtai \u017ei\u016brime \u012f j\u016bs\u0173 privatum\u0105 ir esame \u012fsipareigoj\u0119 imtis vis\u0173 b\u016btin\u0173 priemoni\u0173 j\u016bs\u0173 asmens duomenims apsaugoti. Bet kokia informacija [\u2026]<\/p>","protected":false},"author":1,"featured_media":0,"parent":0,"menu_order":0,"comment_status":"closed","ping_status":"closed","template":"","meta":{"footnotes":""},"class_list":["post-42","page","type-page","status-publish","hentry"],"yoast_head":"<!-- This site is optimized with the Yoast SEO plugin v20.13 - https:\/\/yoast.com\/wordpress\/plugins\/seo\/ -->\n<title>Confidentiality - defiscalisant<\/title>\n<meta name=\"robots\" content=\"index, follow, max-snippet:-1, max-image-preview:large, max-video-preview:-1\" \/>\n<link rel=\"canonical\" href=\"https:\/\/defiscalisant.com\/lt\/konfidencialumas\/\" \/>\n<meta property=\"og:locale\" content=\"lt_LT\" \/>\n<meta property=\"og:type\" content=\"article\" \/>\n<meta property=\"og:title\" content=\"Confidentiality - defiscalisant\" \/>\n<meta property=\"og:description\" content=\"Welcome to our website. We value your interest in our services and want to provide you with information about our privacy policy as well as restrictions on the use of our site. &nbsp; Confidentiality We take your privacy very seriously and are committed to taking all necessary measures to protect your personal data. Any information [&hellip;]\" \/>\n<meta property=\"og:url\" content=\"https:\/\/defiscalisant.com\/lt\/konfidencialumas\/\" \/>\n<meta property=\"og:site_name\" content=\"defiscalisant\" \/>\n<meta property=\"article:modified_time\" content=\"2023-09-13T18:08:32+00:00\" \/>\n<meta name=\"twitter:card\" content=\"summary_large_image\" \/>\n<meta name=\"twitter:label1\" content=\"Est. reading time\" \/>\n\t<meta name=\"twitter:data1\" content=\"1 minut\u0117\" \/>\n<script type=\"application\/ld+json\" class=\"yoast-schema-graph\">{\"@context\":\"https:\/\/schema.org\",\"@graph\":[{\"@type\":\"WebPage\",\"@id\":\"https:\/\/defiscalisant.com\/konfidenczialnost\/\",\"url\":\"https:\/\/defiscalisant.com\/konfidenczialnost\/\",\"name\":\"Confidentiality - defiscalisant\",\"isPartOf\":{\"@id\":\"https:\/\/defiscalisant.com\/#website\"},\"datePublished\":\"2023-08-08T16:56:50+00:00\",\"dateModified\":\"2023-09-13T18:08:32+00:00\",\"breadcrumb\":{\"@id\":\"https:\/\/defiscalisant.com\/konfidenczialnost\/#breadcrumb\"},\"inLanguage\":\"lt-LT\",\"potentialAction\":[{\"@type\":\"ReadAction\",\"target\":[\"https:\/\/defiscalisant.com\/konfidenczialnost\/\"]}]},{\"@type\":\"BreadcrumbList\",\"@id\":\"https:\/\/defiscalisant.com\/konfidenczialnost\/#breadcrumb\",\"itemListElement\":[{\"@type\":\"ListItem\",\"position\":1,\"name\":\"\u0413\u043b\u0430\u0432\u043d\u0430\u044f \u0441\u0442\u0440\u0430\u043d\u0438\u0446\u0430\",\"item\":\"https:\/\/defiscalisant.com\/\"},{\"@type\":\"ListItem\",\"position\":2,\"name\":\"Confidentiality\"}]},{\"@type\":\"WebSite\",\"@id\":\"https:\/\/defiscalisant.com\/#website\",\"url\":\"https:\/\/defiscalisant.com\/\",\"name\":\"defiscalisant\",\"description\":\"defiscalisant\",\"publisher\":{\"@id\":\"https:\/\/defiscalisant.com\/#organization\"},\"potentialAction\":[{\"@type\":\"SearchAction\",\"target\":{\"@type\":\"EntryPoint\",\"urlTemplate\":\"https:\/\/defiscalisant.com\/?s={search_term_string}\"},\"query-input\":\"required name=search_term_string\"}],\"inLanguage\":\"lt-LT\"},{\"@type\":\"Organization\",\"@id\":\"https:\/\/defiscalisant.com\/#organization\",\"name\":\"defiscalisant\",\"url\":\"https:\/\/defiscalisant.com\/\",\"logo\":{\"@type\":\"ImageObject\",\"inLanguage\":\"lt-LT\",\"@id\":\"https:\/\/defiscalisant.com\/#\/schema\/logo\/image\/\",\"url\":\"https:\/\/defiscalisant.com\/wp-content\/uploads\/2023\/08\/logo.png\",\"contentUrl\":\"https:\/\/defiscalisant.com\/wp-content\/uploads\/2023\/08\/logo.png\",\"width\":220,\"height\":34,\"caption\":\"defiscalisant\"},\"image\":{\"@id\":\"https:\/\/defiscalisant.com\/#\/schema\/logo\/image\/\"}}]}<\/script>\n<!-- \/ Yoast SEO plugin. -->","yoast_head_json":{"title":"Confidentiality - defiscalisant","robots":{"index":"index","follow":"follow","max-snippet":"max-snippet:-1","max-image-preview":"max-image-preview:large","max-video-preview":"max-video-preview:-1"},"canonical":"https:\/\/defiscalisant.com\/lt\/konfidencialumas\/","og_locale":"lt_LT","og_type":"article","og_title":"Confidentiality - defiscalisant","og_description":"Welcome to our website. We value your interest in our services and want to provide you with information about our privacy policy as well as restrictions on the use of our site. &nbsp; Confidentiality We take your privacy very seriously and are committed to taking all necessary measures to protect your personal data. Any information [&hellip;]","og_url":"https:\/\/defiscalisant.com\/lt\/konfidencialumas\/","og_site_name":"defiscalisant","article_modified_time":"2023-09-13T18:08:32+00:00","twitter_card":"summary_large_image","twitter_misc":{"Est. reading time":"1 minut\u0117"},"schema":{"@context":"https:\/\/schema.org","@graph":[{"@type":"WebPage","@id":"https:\/\/defiscalisant.com\/konfidenczialnost\/","url":"https:\/\/defiscalisant.com\/konfidenczialnost\/","name":"Confidentiality - defiscalisant","isPartOf":{"@id":"https:\/\/defiscalisant.com\/#website"},"datePublished":"2023-08-08T16:56:50+00:00","dateModified":"2023-09-13T18:08:32+00:00","breadcrumb":{"@id":"https:\/\/defiscalisant.com\/konfidenczialnost\/#breadcrumb"},"inLanguage":"lt-LT","potentialAction":[{"@type":"ReadAction","target":["https:\/\/defiscalisant.com\/konfidenczialnost\/"]}]},{"@type":"BreadcrumbList","@id":"https:\/\/defiscalisant.com\/konfidenczialnost\/#breadcrumb","itemListElement":[{"@type":"ListItem","position":1,"name":"\u0413\u043b\u0430\u0432\u043d\u0430\u044f \u0441\u0442\u0440\u0430\u043d\u0438\u0446\u0430","item":"https:\/\/defiscalisant.com\/"},{"@type":"ListItem","position":2,"name":"Confidentiality"}]},{"@type":"WebSite","@id":"https:\/\/defiscalisant.com\/#website","url":"https:\/\/defiscalisant.com\/","name":"defiscalisant","description":"defiscalisant","publisher":{"@id":"https:\/\/defiscalisant.com\/#organization"},"potentialAction":[{"@type":"SearchAction","target":{"@type":"EntryPoint","urlTemplate":"https:\/\/defiscalisant.com\/?s={search_term_string}"},"query-input":"required name=search_term_string"}],"inLanguage":"lt-LT"},{"@type":"Organization","@id":"https:\/\/defiscalisant.com\/#organization","name":"defiscalisant","url":"https:\/\/defiscalisant.com\/","logo":{"@type":"ImageObject","inLanguage":"lt-LT","@id":"https:\/\/defiscalisant.com\/#\/schema\/logo\/image\/","url":"https:\/\/defiscalisant.com\/wp-content\/uploads\/2023\/08\/logo.png","contentUrl":"https:\/\/defiscalisant.com\/wp-content\/uploads\/2023\/08\/logo.png","width":220,"height":34,"caption":"defiscalisant"},"image":{"@id":"https:\/\/defiscalisant.com\/#\/schema\/logo\/image\/"}}]}},"_links":{"self":[{"href":"https:\/\/defiscalisant.com\/lt\/wp-json\/wp\/v2\/pages\/42","targetHints":{"allow":["GET"]}}],"collection":[{"href":"https:\/\/defiscalisant.com\/lt\/wp-json\/wp\/v2\/pages"}],"about":[{"href":"https:\/\/defiscalisant.com\/lt\/wp-json\/wp\/v2\/types\/page"}],"author":[{"embeddable":true,"href":"https:\/\/defiscalisant.com\/lt\/wp-json\/wp\/v2\/users\/1"}],"replies":[{"embeddable":true,"href":"https:\/\/defiscalisant.com\/lt\/wp-json\/wp\/v2\/comments?post=42"}],"version-history":[{"count":3,"href":"https:\/\/defiscalisant.com\/lt\/wp-json\/wp\/v2\/pages\/42\/revisions"}],"predecessor-version":[{"id":183,"href":"https:\/\/defiscalisant.com\/lt\/wp-json\/wp\/v2\/pages\/42\/revisions\/183"}],"wp:attachment":[{"href":"https:\/\/defiscalisant.com\/lt\/wp-json\/wp\/v2\/media?parent=42"}],"curies":[{"name":"wp","href":"https:\/\/api.w.org\/{rel}","templated":true}]}}