{"id":44,"date":"2023-08-08T16:57:06","date_gmt":"2023-08-08T16:57:06","guid":{"rendered":"https:\/\/defiscalisant.com\/?page_id=44"},"modified":"2023-09-13T18:07:26","modified_gmt":"2023-09-13T18:07:26","slug":"o-nas","status":"publish","type":"page","link":"https:\/\/defiscalisant.com\/hu\/o-nas\/","title":{"rendered":"R\u00f3lunk"},"content":{"rendered":"<p><span class=\"HwtZe\" lang=\"en\"><span class=\"jCAhz ChMk0b\"><span class=\"ryNqvb\">L\u00e1nyokkal folytatott vide\u00f3besz\u00e9lget\u00e9seink a legfrissebb h\u00edrek \u00e9s a legizgalmasabb besz\u00e9lget\u00e9sek forr\u00e1sai az online sz\u00f3rakoztat\u00e1s vil\u00e1g\u00e1ban feln\u0151tt k\u00f6z\u00f6ns\u00e9g sz\u00e1m\u00e1ra.<\/span><\/span> <span class=\"jCAhz ChMk0b\"><span class=\"ryNqvb\">Mi vagyunk a megb\u00edzhat\u00f3 forr\u00e1sod n\u00e9pszer\u0171 l\u00e1nyos chatszob\u00e1khoz, \u00e9l\u0151 webkamer\u00e1s szexhez \u00e9s mindenhez, ami az intim online chatszob\u00e1kkal kapcsolatos.<\/span><\/span> <\/span><\/p>\n<p><span class=\"HwtZe\" lang=\"en\"><span class=\"jCAhz ChMk0b\"><span class=\"ryNqvb\">Itt tal\u00e1lod a legfrissebb h\u00edreket a vezet\u0151 n\u0151i streamerekr\u0151l \u00e9s izgalmas online k\u00f6zvet\u00edt\u00e9seikr\u0151l.<\/span><\/span> <span class=\"jCAhz ChMk0b\"><span class=\"ryNqvb\">Hozz\u00e1f\u00e9r\u00e9st biztos\u00edtunk l\u00e1nyok \u00e9l\u0151 maszturb\u00e1l\u00e1s\u00e1hoz \u00e9s online chatel\u00e9shez kanos h\u00f6lgyekkel.<\/span><\/span> <\/span><\/p>\n<p><span class=\"HwtZe\" lang=\"en\"><span class=\"jCAhz ChMk0b\"><span class=\"ryNqvb\">L\u00e1nyokkal rendelkez\u0151 rulett chatszob\u00e1ink lehet\u0151s\u00e9get adnak ingyenes porn\u00f3k\u00f6zvet\u00edt\u00e9sek \u00e9s v\u00e9gtelen sz\u00f3rakoz\u00e1s \u00e9lvezet\u00e9re.<\/span><\/span> <span class=\"jCAhz ChMk0b\"><span class=\"ryNqvb\">Csatlakozz online chatk\u00f6z\u00f6ss\u00e9g\u00fcnkh\u00f6z l\u00e1nyokkal, \u00e9s \u00e9lvezd a kamer\u00e1s szexet, az ingyenes k\u00e9zimunk\u00e1kat l\u00e1nyokkal \u00e9s sok m\u00e1s leny\u0171g\u00f6z\u0151 funkci\u00f3t.<\/span><\/span> <span class=\"jCAhz ChMk0b\"><span class=\"ryNqvb\">\u00dcdv\u00f6zl\u00fcnk oldalunkon, ahol a m\u00f3ka sosem \u00e9r v\u00e9get.<\/span><\/span><\/span><\/p>","protected":false},"excerpt":{"rendered":"<p>L\u00e1nyokkal folytatott vide\u00f3chatjeink a legfrissebb h\u00edrek \u00e9s a legizgalmasabb besz\u00e9lget\u00e9sek forr\u00e1sai az online sz\u00f3rakoztat\u00e1s vil\u00e1g\u00e1ban feln\u0151tt k\u00f6z\u00f6ns\u00e9g sz\u00e1m\u00e1ra. Mi vagyunk a megb\u00edzhat\u00f3 forr\u00e1sod a n\u00e9pszer\u0171 l\u00e1nyokkal folytatott chatszob\u00e1khoz, az \u00e9l\u0151 webkamer\u00e1s szexhez \u00e9s mindenhez, ami az intim online chatszob\u00e1kkal kapcsolatos. Itt megtal\u00e1lod a legfrissebb h\u00edreket [\u2026]<\/p>","protected":false},"author":1,"featured_media":0,"parent":0,"menu_order":0,"comment_status":"closed","ping_status":"closed","template":"","meta":{"footnotes":""},"class_list":["post-44","page","type-page","status-publish","hentry"],"yoast_head":"<!-- This site is optimized with the Yoast SEO plugin v20.13 - https:\/\/yoast.com\/wordpress\/plugins\/seo\/ -->\n<title>About Us - defiscalisant<\/title>\n<meta name=\"robots\" content=\"index, follow, max-snippet:-1, max-image-preview:large, max-video-preview:-1\" \/>\n<link rel=\"canonical\" href=\"https:\/\/defiscalisant.com\/hu\/o-nas\/\" \/>\n<meta property=\"og:locale\" content=\"hu_HU\" \/>\n<meta property=\"og:type\" content=\"article\" \/>\n<meta property=\"og:title\" content=\"About Us - defiscalisant\" \/>\n<meta property=\"og:description\" content=\"Our video chats with girls are the source of the hottest news and most exciting conversations in the world of online entertainment for an adult audience. We are your trusted source for popular chat rooms with girls, live webcam sex and everything related to intimate online chat rooms. Here you will find the latest news [&hellip;]\" \/>\n<meta property=\"og:url\" content=\"https:\/\/defiscalisant.com\/hu\/o-nas\/\" \/>\n<meta property=\"og:site_name\" content=\"defiscalisant\" \/>\n<meta property=\"article:modified_time\" content=\"2023-09-13T18:07:26+00:00\" \/>\n<meta name=\"twitter:card\" content=\"summary_large_image\" \/>\n<meta name=\"twitter:label1\" content=\"Becs\u00fclt olvas\u00e1si id\u0151\" \/>\n\t<meta name=\"twitter:data1\" content=\"1 perc\" \/>\n<script type=\"application\/ld+json\" class=\"yoast-schema-graph\">{\"@context\":\"https:\/\/schema.org\",\"@graph\":[{\"@type\":\"WebPage\",\"@id\":\"https:\/\/defiscalisant.com\/o-nas\/\",\"url\":\"https:\/\/defiscalisant.com\/o-nas\/\",\"name\":\"About Us - defiscalisant\",\"isPartOf\":{\"@id\":\"https:\/\/defiscalisant.com\/#website\"},\"datePublished\":\"2023-08-08T16:57:06+00:00\",\"dateModified\":\"2023-09-13T18:07:26+00:00\",\"breadcrumb\":{\"@id\":\"https:\/\/defiscalisant.com\/o-nas\/#breadcrumb\"},\"inLanguage\":\"hu\",\"potentialAction\":[{\"@type\":\"ReadAction\",\"target\":[\"https:\/\/defiscalisant.com\/o-nas\/\"]}]},{\"@type\":\"BreadcrumbList\",\"@id\":\"https:\/\/defiscalisant.com\/o-nas\/#breadcrumb\",\"itemListElement\":[{\"@type\":\"ListItem\",\"position\":1,\"name\":\"\u0413\u043b\u0430\u0432\u043d\u0430\u044f \u0441\u0442\u0440\u0430\u043d\u0438\u0446\u0430\",\"item\":\"https:\/\/defiscalisant.com\/\"},{\"@type\":\"ListItem\",\"position\":2,\"name\":\"About Us\"}]},{\"@type\":\"WebSite\",\"@id\":\"https:\/\/defiscalisant.com\/#website\",\"url\":\"https:\/\/defiscalisant.com\/\",\"name\":\"defiscalisant\",\"description\":\"defiscalisant\",\"publisher\":{\"@id\":\"https:\/\/defiscalisant.com\/#organization\"},\"potentialAction\":[{\"@type\":\"SearchAction\",\"target\":{\"@type\":\"EntryPoint\",\"urlTemplate\":\"https:\/\/defiscalisant.com\/?s={search_term_string}\"},\"query-input\":\"required name=search_term_string\"}],\"inLanguage\":\"hu\"},{\"@type\":\"Organization\",\"@id\":\"https:\/\/defiscalisant.com\/#organization\",\"name\":\"defiscalisant\",\"url\":\"https:\/\/defiscalisant.com\/\",\"logo\":{\"@type\":\"ImageObject\",\"inLanguage\":\"hu\",\"@id\":\"https:\/\/defiscalisant.com\/#\/schema\/logo\/image\/\",\"url\":\"https:\/\/defiscalisant.com\/wp-content\/uploads\/2023\/08\/logo.png\",\"contentUrl\":\"https:\/\/defiscalisant.com\/wp-content\/uploads\/2023\/08\/logo.png\",\"width\":220,\"height\":34,\"caption\":\"defiscalisant\"},\"image\":{\"@id\":\"https:\/\/defiscalisant.com\/#\/schema\/logo\/image\/\"}}]}<\/script>\n<!-- \/ Yoast SEO plugin. -->","yoast_head_json":{"title":"About Us - defiscalisant","robots":{"index":"index","follow":"follow","max-snippet":"max-snippet:-1","max-image-preview":"max-image-preview:large","max-video-preview":"max-video-preview:-1"},"canonical":"https:\/\/defiscalisant.com\/hu\/o-nas\/","og_locale":"hu_HU","og_type":"article","og_title":"About Us - defiscalisant","og_description":"Our video chats with girls are the source of the hottest news and most exciting conversations in the world of online entertainment for an adult audience. We are your trusted source for popular chat rooms with girls, live webcam sex and everything related to intimate online chat rooms. Here you will find the latest news [&hellip;]","og_url":"https:\/\/defiscalisant.com\/hu\/o-nas\/","og_site_name":"defiscalisant","article_modified_time":"2023-09-13T18:07:26+00:00","twitter_card":"summary_large_image","twitter_misc":{"Becs\u00fclt olvas\u00e1si id\u0151":"1 perc"},"schema":{"@context":"https:\/\/schema.org","@graph":[{"@type":"WebPage","@id":"https:\/\/defiscalisant.com\/o-nas\/","url":"https:\/\/defiscalisant.com\/o-nas\/","name":"About Us - defiscalisant","isPartOf":{"@id":"https:\/\/defiscalisant.com\/#website"},"datePublished":"2023-08-08T16:57:06+00:00","dateModified":"2023-09-13T18:07:26+00:00","breadcrumb":{"@id":"https:\/\/defiscalisant.com\/o-nas\/#breadcrumb"},"inLanguage":"hu","potentialAction":[{"@type":"ReadAction","target":["https:\/\/defiscalisant.com\/o-nas\/"]}]},{"@type":"BreadcrumbList","@id":"https:\/\/defiscalisant.com\/o-nas\/#breadcrumb","itemListElement":[{"@type":"ListItem","position":1,"name":"\u0413\u043b\u0430\u0432\u043d\u0430\u044f \u0441\u0442\u0440\u0430\u043d\u0438\u0446\u0430","item":"https:\/\/defiscalisant.com\/"},{"@type":"ListItem","position":2,"name":"About Us"}]},{"@type":"WebSite","@id":"https:\/\/defiscalisant.com\/#website","url":"https:\/\/defiscalisant.com\/","name":"defiscalisant","description":"defiscalisant","publisher":{"@id":"https:\/\/defiscalisant.com\/#organization"},"potentialAction":[{"@type":"SearchAction","target":{"@type":"EntryPoint","urlTemplate":"https:\/\/defiscalisant.com\/?s={search_term_string}"},"query-input":"required name=search_term_string"}],"inLanguage":"hu"},{"@type":"Organization","@id":"https:\/\/defiscalisant.com\/#organization","name":"defiscalisant","url":"https:\/\/defiscalisant.com\/","logo":{"@type":"ImageObject","inLanguage":"hu","@id":"https:\/\/defiscalisant.com\/#\/schema\/logo\/image\/","url":"https:\/\/defiscalisant.com\/wp-content\/uploads\/2023\/08\/logo.png","contentUrl":"https:\/\/defiscalisant.com\/wp-content\/uploads\/2023\/08\/logo.png","width":220,"height":34,"caption":"defiscalisant"},"image":{"@id":"https:\/\/defiscalisant.com\/#\/schema\/logo\/image\/"}}]}},"_links":{"self":[{"href":"https:\/\/defiscalisant.com\/hu\/wp-json\/wp\/v2\/pages\/44","targetHints":{"allow":["GET"]}}],"collection":[{"href":"https:\/\/defiscalisant.com\/hu\/wp-json\/wp\/v2\/pages"}],"about":[{"href":"https:\/\/defiscalisant.com\/hu\/wp-json\/wp\/v2\/types\/page"}],"author":[{"embeddable":true,"href":"https:\/\/defiscalisant.com\/hu\/wp-json\/wp\/v2\/users\/1"}],"replies":[{"embeddable":true,"href":"https:\/\/defiscalisant.com\/hu\/wp-json\/wp\/v2\/comments?post=44"}],"version-history":[{"count":3,"href":"https:\/\/defiscalisant.com\/hu\/wp-json\/wp\/v2\/pages\/44\/revisions"}],"predecessor-version":[{"id":182,"href":"https:\/\/defiscalisant.com\/hu\/wp-json\/wp\/v2\/pages\/44\/revisions\/182"}],"wp:attachment":[{"href":"https:\/\/defiscalisant.com\/hu\/wp-json\/wp\/v2\/media?parent=44"}],"curies":[{"name":"wp","href":"https:\/\/api.w.org\/{rel}","templated":true}]}}