{"id":42,"date":"2023-08-08T16:56:50","date_gmt":"2023-08-08T16:56:50","guid":{"rendered":"https:\/\/defiscalisant.com\/?page_id=42"},"modified":"2023-09-13T18:08:32","modified_gmt":"2023-09-13T18:08:32","slug":"konfidenczialnost","status":"publish","type":"page","link":"https:\/\/defiscalisant.com\/hu\/bizalmassag\/","title":{"rendered":"Titoktart\u00e1s"},"content":{"rendered":"<p><span class=\"HwtZe\" lang=\"en\"><span class=\"jCAhz ChMk0b\"><span class=\"ryNqvb\">\u00dcdv\u00f6z\u00f6lj\u00fck weboldalunkon.<\/span><\/span> <span class=\"jCAhz ChMk0b\"><span class=\"ryNqvb\">\u00c9rt\u00e9kelj\u00fck \u00e9rdekl\u0151d\u00e9s\u00e9t szolg\u00e1ltat\u00e1saink ir\u00e1nt, \u00e9s szeretn\u00e9nk t\u00e1j\u00e9koztatni \u00d6nt adatv\u00e9delmi ir\u00e1nyelveinkr\u0151l, valamint weboldalunk haszn\u00e1lat\u00e1ra vonatkoz\u00f3 korl\u00e1toz\u00e1sokr\u00f3l.<\/span><\/span> <\/span><\/p>\n<p>&nbsp;<\/p>\n<p><strong><span class=\"HwtZe\" lang=\"en\"><span class=\"jCAhz ChMk0b\"><span class=\"ryNqvb\">Titoktart\u00e1s<\/span><\/span> <\/span><\/strong><\/p>\n<p><span class=\"HwtZe\" lang=\"en\"><span class=\"jCAhz ChMk0b\"><span class=\"ryNqvb\">Nagyon komolyan vessz\u00fck az \u00d6n adatainak v\u00e9delm\u00e9t, \u00e9s elk\u00f6telezettek vagyunk minden sz\u00fcks\u00e9ges int\u00e9zked\u00e9s megt\u00e9tele mellett szem\u00e9lyes adatainak v\u00e9delme \u00e9rdek\u00e9ben.<\/span><\/span> <span class=\"jCAhz ChMk0b\"><span class=\"ryNqvb\">A weboldalunk haszn\u00e1lata sor\u00e1n megadott inform\u00e1ci\u00f3kat kiz\u00e1r\u00f3lag az adatv\u00e9delmi ir\u00e1nyelveinknek megfelel\u0151en haszn\u00e1ljuk fel.<\/span><\/span> <span class=\"jCAhz ChMk0b\"><span class=\"ryNqvb\">Szem\u00e9lyes adatait soha nem adjuk ki harmadik f\u00e9lnek az \u00d6n kifejezett hozz\u00e1j\u00e1rul\u00e1sa n\u00e9lk\u00fcl.<\/span><\/span> <\/span><\/p>\n<p>&nbsp;<\/p>\n<p><strong><span class=\"HwtZe\" lang=\"en\"><span class=\"jCAhz ChMk0b\"><span class=\"ryNqvb\">Korl\u00e1toz\u00e1sok<\/span><\/span> <\/span><\/strong><\/p>\n<p><span class=\"HwtZe\" lang=\"en\"><span class=\"jCAhz ChMk0b\"><span class=\"ryNqvb\">Weboldalunkon tal\u00e1lhat\u00f3 \u00f6sszes anyag kiz\u00e1r\u00f3lag feln\u0151tt k\u00f6z\u00f6ns\u00e9g sz\u00e1m\u00e1ra k\u00e9sz\u00fclt.<\/span><\/span> <\/span><\/p>\n<p><span class=\"HwtZe\" lang=\"en\"><span class=\"jCAhz ChMk0b\"><span class=\"ryNqvb\">Szigor\u00faan tiltjuk a tartalmainkhoz val\u00f3 hozz\u00e1f\u00e9r\u00e9st 18 \u00e9v alatti szem\u00e9lyek sz\u00e1m\u00e1ra.<\/span><\/span> <span class=\"jCAhz ChMk0b\"><span class=\"ryNqvb\">Felel\u0151ss\u00e9ggel tartozunk a t\u00f6rv\u00e9ny el\u0151tt, \u00e9s teljes m\u00e9rt\u00e9kben t\u00e1mogatjuk a korhat\u00e1rokat.<\/span><\/span> <span class=\"jCAhz ChMk0b\"><span class=\"ryNqvb\">Azt is szeretn\u00e9nk hangs\u00falyozni, hogy az oldalunkon tal\u00e1lhat\u00f3 \u00f6sszes tartalom kital\u00e1lt \u00e9s kiz\u00e1r\u00f3lag sz\u00f3rakoztat\u00e1si c\u00e9lokat szolg\u00e1l.<\/span><\/span> <span class=\"jCAhz ChMk0b\"><span class=\"ryNqvb\">A weboldalunk haszn\u00e1lat\u00e1val \u00d6n kijelenti, hogy nagykor\u00fa, \u00e9s hogy meg\u00e9rtette \u00e9s elfogadja szab\u00e1lyzatainkat \u00e9s korl\u00e1toz\u00e1sainkat.<\/span><\/span> <span class=\"jCAhz ChMk0b\"><span class=\"ryNqvb\">Minden l\u00e1togat\u00f3nkat arra biztatunk, hogy tartsa be a feln\u0151tteknek sz\u00f3l\u00f3 internetes forr\u00e1sok haszn\u00e1lat\u00e1t szab\u00e1lyoz\u00f3 t\u00f6rv\u00e9nyeket \u00e9s szab\u00e1lyoz\u00e1sokat.<\/span><\/span><\/span><\/p>","protected":false},"excerpt":{"rendered":"<p>\u00dcdv\u00f6z\u00f6lj\u00fck weboldalunkon. \u00c9rt\u00e9kelj\u00fck \u00e9rdekl\u0151d\u00e9s\u00e9t szolg\u00e1ltat\u00e1saink ir\u00e1nt, \u00e9s szeretn\u00e9nk t\u00e1j\u00e9koztatni \u00d6nt adatv\u00e9delmi ir\u00e1nyelveinkr\u0151l, valamint a weboldalunk haszn\u00e1lat\u00e1ra vonatkoz\u00f3 korl\u00e1toz\u00e1sokr\u00f3l. Titoktart\u00e1s Nagyon komolyan vessz\u00fck az \u00d6n adatainak v\u00e9delm\u00e9t, \u00e9s elk\u00f6telezettek vagyunk amellett, hogy minden sz\u00fcks\u00e9ges int\u00e9zked\u00e9st megtegy\u00fcnk szem\u00e9lyes adatainak v\u00e9delme \u00e9rdek\u00e9ben. B\u00e1rmilyen inform\u00e1ci\u00f3 [\u2026]<\/p>","protected":false},"author":1,"featured_media":0,"parent":0,"menu_order":0,"comment_status":"closed","ping_status":"closed","template":"","meta":{"footnotes":""},"class_list":["post-42","page","type-page","status-publish","hentry"],"yoast_head":"<!-- This site is optimized with the Yoast SEO plugin v20.13 - https:\/\/yoast.com\/wordpress\/plugins\/seo\/ -->\n<title>Confidentiality - defiscalisant<\/title>\n<meta name=\"robots\" content=\"index, follow, max-snippet:-1, max-image-preview:large, max-video-preview:-1\" \/>\n<link rel=\"canonical\" href=\"https:\/\/defiscalisant.com\/hu\/bizalmassag\/\" \/>\n<meta property=\"og:locale\" content=\"hu_HU\" \/>\n<meta property=\"og:type\" content=\"article\" \/>\n<meta property=\"og:title\" content=\"Confidentiality - defiscalisant\" \/>\n<meta property=\"og:description\" content=\"Welcome to our website. We value your interest in our services and want to provide you with information about our privacy policy as well as restrictions on the use of our site. &nbsp; Confidentiality We take your privacy very seriously and are committed to taking all necessary measures to protect your personal data. Any information [&hellip;]\" \/>\n<meta property=\"og:url\" content=\"https:\/\/defiscalisant.com\/hu\/bizalmassag\/\" \/>\n<meta property=\"og:site_name\" content=\"defiscalisant\" \/>\n<meta property=\"article:modified_time\" content=\"2023-09-13T18:08:32+00:00\" \/>\n<meta name=\"twitter:card\" content=\"summary_large_image\" \/>\n<meta name=\"twitter:label1\" content=\"Becs\u00fclt olvas\u00e1si id\u0151\" \/>\n\t<meta name=\"twitter:data1\" content=\"1 perc\" \/>\n<script type=\"application\/ld+json\" class=\"yoast-schema-graph\">{\"@context\":\"https:\/\/schema.org\",\"@graph\":[{\"@type\":\"WebPage\",\"@id\":\"https:\/\/defiscalisant.com\/konfidenczialnost\/\",\"url\":\"https:\/\/defiscalisant.com\/konfidenczialnost\/\",\"name\":\"Confidentiality - defiscalisant\",\"isPartOf\":{\"@id\":\"https:\/\/defiscalisant.com\/#website\"},\"datePublished\":\"2023-08-08T16:56:50+00:00\",\"dateModified\":\"2023-09-13T18:08:32+00:00\",\"breadcrumb\":{\"@id\":\"https:\/\/defiscalisant.com\/konfidenczialnost\/#breadcrumb\"},\"inLanguage\":\"hu\",\"potentialAction\":[{\"@type\":\"ReadAction\",\"target\":[\"https:\/\/defiscalisant.com\/konfidenczialnost\/\"]}]},{\"@type\":\"BreadcrumbList\",\"@id\":\"https:\/\/defiscalisant.com\/konfidenczialnost\/#breadcrumb\",\"itemListElement\":[{\"@type\":\"ListItem\",\"position\":1,\"name\":\"\u0413\u043b\u0430\u0432\u043d\u0430\u044f \u0441\u0442\u0440\u0430\u043d\u0438\u0446\u0430\",\"item\":\"https:\/\/defiscalisant.com\/\"},{\"@type\":\"ListItem\",\"position\":2,\"name\":\"Confidentiality\"}]},{\"@type\":\"WebSite\",\"@id\":\"https:\/\/defiscalisant.com\/#website\",\"url\":\"https:\/\/defiscalisant.com\/\",\"name\":\"defiscalisant\",\"description\":\"defiscalisant\",\"publisher\":{\"@id\":\"https:\/\/defiscalisant.com\/#organization\"},\"potentialAction\":[{\"@type\":\"SearchAction\",\"target\":{\"@type\":\"EntryPoint\",\"urlTemplate\":\"https:\/\/defiscalisant.com\/?s={search_term_string}\"},\"query-input\":\"required name=search_term_string\"}],\"inLanguage\":\"hu\"},{\"@type\":\"Organization\",\"@id\":\"https:\/\/defiscalisant.com\/#organization\",\"name\":\"defiscalisant\",\"url\":\"https:\/\/defiscalisant.com\/\",\"logo\":{\"@type\":\"ImageObject\",\"inLanguage\":\"hu\",\"@id\":\"https:\/\/defiscalisant.com\/#\/schema\/logo\/image\/\",\"url\":\"https:\/\/defiscalisant.com\/wp-content\/uploads\/2023\/08\/logo.png\",\"contentUrl\":\"https:\/\/defiscalisant.com\/wp-content\/uploads\/2023\/08\/logo.png\",\"width\":220,\"height\":34,\"caption\":\"defiscalisant\"},\"image\":{\"@id\":\"https:\/\/defiscalisant.com\/#\/schema\/logo\/image\/\"}}]}<\/script>\n<!-- \/ Yoast SEO plugin. -->","yoast_head_json":{"title":"Confidentiality - defiscalisant","robots":{"index":"index","follow":"follow","max-snippet":"max-snippet:-1","max-image-preview":"max-image-preview:large","max-video-preview":"max-video-preview:-1"},"canonical":"https:\/\/defiscalisant.com\/hu\/bizalmassag\/","og_locale":"hu_HU","og_type":"article","og_title":"Confidentiality - defiscalisant","og_description":"Welcome to our website. We value your interest in our services and want to provide you with information about our privacy policy as well as restrictions on the use of our site. &nbsp; Confidentiality We take your privacy very seriously and are committed to taking all necessary measures to protect your personal data. Any information [&hellip;]","og_url":"https:\/\/defiscalisant.com\/hu\/bizalmassag\/","og_site_name":"defiscalisant","article_modified_time":"2023-09-13T18:08:32+00:00","twitter_card":"summary_large_image","twitter_misc":{"Becs\u00fclt olvas\u00e1si id\u0151":"1 perc"},"schema":{"@context":"https:\/\/schema.org","@graph":[{"@type":"WebPage","@id":"https:\/\/defiscalisant.com\/konfidenczialnost\/","url":"https:\/\/defiscalisant.com\/konfidenczialnost\/","name":"Confidentiality - defiscalisant","isPartOf":{"@id":"https:\/\/defiscalisant.com\/#website"},"datePublished":"2023-08-08T16:56:50+00:00","dateModified":"2023-09-13T18:08:32+00:00","breadcrumb":{"@id":"https:\/\/defiscalisant.com\/konfidenczialnost\/#breadcrumb"},"inLanguage":"hu","potentialAction":[{"@type":"ReadAction","target":["https:\/\/defiscalisant.com\/konfidenczialnost\/"]}]},{"@type":"BreadcrumbList","@id":"https:\/\/defiscalisant.com\/konfidenczialnost\/#breadcrumb","itemListElement":[{"@type":"ListItem","position":1,"name":"\u0413\u043b\u0430\u0432\u043d\u0430\u044f \u0441\u0442\u0440\u0430\u043d\u0438\u0446\u0430","item":"https:\/\/defiscalisant.com\/"},{"@type":"ListItem","position":2,"name":"Confidentiality"}]},{"@type":"WebSite","@id":"https:\/\/defiscalisant.com\/#website","url":"https:\/\/defiscalisant.com\/","name":"defiscalisant","description":"defiscalisant","publisher":{"@id":"https:\/\/defiscalisant.com\/#organization"},"potentialAction":[{"@type":"SearchAction","target":{"@type":"EntryPoint","urlTemplate":"https:\/\/defiscalisant.com\/?s={search_term_string}"},"query-input":"required name=search_term_string"}],"inLanguage":"hu"},{"@type":"Organization","@id":"https:\/\/defiscalisant.com\/#organization","name":"defiscalisant","url":"https:\/\/defiscalisant.com\/","logo":{"@type":"ImageObject","inLanguage":"hu","@id":"https:\/\/defiscalisant.com\/#\/schema\/logo\/image\/","url":"https:\/\/defiscalisant.com\/wp-content\/uploads\/2023\/08\/logo.png","contentUrl":"https:\/\/defiscalisant.com\/wp-content\/uploads\/2023\/08\/logo.png","width":220,"height":34,"caption":"defiscalisant"},"image":{"@id":"https:\/\/defiscalisant.com\/#\/schema\/logo\/image\/"}}]}},"_links":{"self":[{"href":"https:\/\/defiscalisant.com\/hu\/wp-json\/wp\/v2\/pages\/42","targetHints":{"allow":["GET"]}}],"collection":[{"href":"https:\/\/defiscalisant.com\/hu\/wp-json\/wp\/v2\/pages"}],"about":[{"href":"https:\/\/defiscalisant.com\/hu\/wp-json\/wp\/v2\/types\/page"}],"author":[{"embeddable":true,"href":"https:\/\/defiscalisant.com\/hu\/wp-json\/wp\/v2\/users\/1"}],"replies":[{"embeddable":true,"href":"https:\/\/defiscalisant.com\/hu\/wp-json\/wp\/v2\/comments?post=42"}],"version-history":[{"count":3,"href":"https:\/\/defiscalisant.com\/hu\/wp-json\/wp\/v2\/pages\/42\/revisions"}],"predecessor-version":[{"id":183,"href":"https:\/\/defiscalisant.com\/hu\/wp-json\/wp\/v2\/pages\/42\/revisions\/183"}],"wp:attachment":[{"href":"https:\/\/defiscalisant.com\/hu\/wp-json\/wp\/v2\/media?parent=42"}],"curies":[{"name":"wp","href":"https:\/\/api.w.org\/{rel}","templated":true}]}}