{"id":42,"date":"2023-08-08T16:56:50","date_gmt":"2023-08-08T16:56:50","guid":{"rendered":"https:\/\/defiscalisant.com\/?page_id=42"},"modified":"2023-09-13T18:08:32","modified_gmt":"2023-09-13T18:08:32","slug":"konfidenczialnost","status":"publish","type":"page","link":"https:\/\/defiscalisant.com\/gd\/misneachd\/","title":{"rendered":"D\u00ecomhaireachd"},"content":{"rendered":"<p><span class=\"HwtZe\" lang=\"en\"><span class=\"jCAhz ChMk0b\"><span class=\"ryNqvb\">F\u00e0ilte don l\u00e0rach-l\u00ecn againn.<\/span><\/span> <span class=\"jCAhz ChMk0b\"><span class=\"ryNqvb\">Tha sinn a\u2019 cur luach air an \u00f9idh a th\u2019 agad anns na seirbheisean againn agus tha sinn airson fiosrachadh a thoirt dhut mun phoileasaidh pr\u00ecobhaideachd againn a bharrachd air cuingealachaidhean air cleachdadh na l\u00e0raich againn.<\/span><\/span> <\/span><\/p>\n<p>&nbsp;<\/p>\n<p><strong><span class=\"HwtZe\" lang=\"en\"><span class=\"jCAhz ChMk0b\"><span class=\"ryNqvb\">D\u00ecomhaireachd<\/span><\/span> <\/span><\/strong><\/p>\n<p><span class=\"HwtZe\" lang=\"en\"><span class=\"jCAhz ChMk0b\"><span class=\"ryNqvb\">Tha sinn a\u2019 gabhail do phr\u00ecobhaideachd gu math cudromach agus tha sinn dealasach a thaobh a h-uile ceum riatanach a ghabhail gus an d\u00e0ta pearsanta agad a dh\u00econ.<\/span><\/span> <span class=\"jCAhz ChMk0b\"><span class=\"ryNqvb\">Cha t\u00e8id fiosrachadh sam bith a bheir thu dhuinn nuair a bhios tu a\u2019 cleachdadh an l\u00e0raich againn a chleachdadh ach a r\u00e8ir ar poileasaidh pr\u00ecobhaideachd.<\/span><\/span> <span class=\"jCAhz ChMk0b\"><span class=\"ryNqvb\">Cha nochd sinn do dh\u00e0ta pearsanta gu br\u00e0th do threas ph\u00e0rtaidhean \u00e0s aonais do chead soilleir.<\/span><\/span> <\/span><\/p>\n<p>&nbsp;<\/p>\n<p><strong><span class=\"HwtZe\" lang=\"en\"><span class=\"jCAhz ChMk0b\"><span class=\"ryNqvb\">Cuingealachaidhean<\/span><\/span> <\/span><\/strong><\/p>\n<p><span class=\"HwtZe\" lang=\"en\"><span class=\"jCAhz ChMk0b\"><span class=\"ryNqvb\">Tha a h-uile stuth air an l\u00e0rach-l\u00ecn againn an d\u00f9il a-mh\u00e0in do luchd-\u00e8isteachd inbheach.<\/span><\/span> <\/span><\/p>\n<p><span class=\"HwtZe\" lang=\"en\"><span class=\"jCAhz ChMk0b\"><span class=\"ryNqvb\">Tha sinn a\u2019 toirmeasg gu teann ruigsinneachd air an t-susbaint againn le daoine fo aois 18.<\/span><\/span> <span class=\"jCAhz ChMk0b\"><span class=\"ryNqvb\">Tha sinn cunntachail ron lagh agus tha sinn a\u2019 toirt l\u00e0n thaic do chuingealachaidhean aois.<\/span><\/span> <span class=\"jCAhz ChMk0b\"><span class=\"ryNqvb\">Tha sinn cuideachd airson cuideam a chur air gu bheil a h-uile susbaint air an l\u00e0rach-l\u00ecn againn ficseanail agus an d\u00f9il airson adhbharan dibhearsain a-mh\u00e0in.<\/span><\/span> <span class=\"jCAhz ChMk0b\"><span class=\"ryNqvb\">Le bhith a\u2019 cleachdadh an l\u00e0raich againn, tha thu ag r\u00e0dh gu bheil thu de dh\u2019aois laghail agus gu bheil thu a\u2019 tuigsinn agus ag aontachadh ris na poileasaidhean agus na cuingeadan againn.<\/span><\/span> <span class=\"jCAhz ChMk0b\"><span class=\"ryNqvb\">Tha sinn a\u2019 brosnachadh a h-uile neach-tadhail gus g\u00e8illeadh do laghan is riaghailtean a tha a\u2019 riaghladh cleachdadh ghoireasan eadar-l\u00ecn inbheach.<\/span><\/span><\/span><\/p>","protected":false},"excerpt":{"rendered":"<p>F\u00e0ilte gu ar l\u00e0rach-l\u00ecn. Tha sinn a\u2019 cur luach air an \u00f9idh a th\u2019 agad anns na seirbheisean againn agus tha sinn airson fiosrachadh a thoirt dhut mun phoileasaidh pr\u00ecobhaideachd againn a bharrachd air cuingealachaidhean air cleachdadh na l\u00e0raich againn. D\u00ecomhaireachd Tha sinn a\u2019 gabhail do phr\u00ecobhaideachd gu math cudromach agus tha sinn dealasach a thaobh a h-uile ceum riatanach a ghabhail gus an d\u00e0ta pearsanta agad a dh\u00econ. Fiosrachadh sam bith [\u2026]<\/p>","protected":false},"author":1,"featured_media":0,"parent":0,"menu_order":0,"comment_status":"closed","ping_status":"closed","template":"","meta":{"footnotes":""},"class_list":["post-42","page","type-page","status-publish","hentry"],"yoast_head":"<!-- This site is optimized with the Yoast SEO plugin v20.13 - https:\/\/yoast.com\/wordpress\/plugins\/seo\/ -->\n<title>Confidentiality - defiscalisant<\/title>\n<meta name=\"robots\" content=\"index, follow, max-snippet:-1, max-image-preview:large, max-video-preview:-1\" \/>\n<link rel=\"canonical\" href=\"https:\/\/defiscalisant.com\/gd\/misneachd\/\" \/>\n<meta property=\"og:locale\" content=\"en_US\" \/>\n<meta property=\"og:type\" content=\"article\" \/>\n<meta property=\"og:title\" content=\"Confidentiality - defiscalisant\" \/>\n<meta property=\"og:description\" content=\"Welcome to our website. We value your interest in our services and want to provide you with information about our privacy policy as well as restrictions on the use of our site. &nbsp; Confidentiality We take your privacy very seriously and are committed to taking all necessary measures to protect your personal data. Any information [&hellip;]\" \/>\n<meta property=\"og:url\" content=\"https:\/\/defiscalisant.com\/gd\/misneachd\/\" \/>\n<meta property=\"og:site_name\" content=\"defiscalisant\" \/>\n<meta property=\"article:modified_time\" content=\"2023-09-13T18:08:32+00:00\" \/>\n<meta name=\"twitter:card\" content=\"summary_large_image\" \/>\n<meta name=\"twitter:label1\" content=\"Est. reading time\" \/>\n\t<meta name=\"twitter:data1\" content=\"1 minute\" \/>\n<script type=\"application\/ld+json\" class=\"yoast-schema-graph\">{\"@context\":\"https:\/\/schema.org\",\"@graph\":[{\"@type\":\"WebPage\",\"@id\":\"https:\/\/defiscalisant.com\/konfidenczialnost\/\",\"url\":\"https:\/\/defiscalisant.com\/konfidenczialnost\/\",\"name\":\"Confidentiality - defiscalisant\",\"isPartOf\":{\"@id\":\"https:\/\/defiscalisant.com\/#website\"},\"datePublished\":\"2023-08-08T16:56:50+00:00\",\"dateModified\":\"2023-09-13T18:08:32+00:00\",\"breadcrumb\":{\"@id\":\"https:\/\/defiscalisant.com\/konfidenczialnost\/#breadcrumb\"},\"inLanguage\":\"gd\",\"potentialAction\":[{\"@type\":\"ReadAction\",\"target\":[\"https:\/\/defiscalisant.com\/konfidenczialnost\/\"]}]},{\"@type\":\"BreadcrumbList\",\"@id\":\"https:\/\/defiscalisant.com\/konfidenczialnost\/#breadcrumb\",\"itemListElement\":[{\"@type\":\"ListItem\",\"position\":1,\"name\":\"\u0413\u043b\u0430\u0432\u043d\u0430\u044f \u0441\u0442\u0440\u0430\u043d\u0438\u0446\u0430\",\"item\":\"https:\/\/defiscalisant.com\/\"},{\"@type\":\"ListItem\",\"position\":2,\"name\":\"Confidentiality\"}]},{\"@type\":\"WebSite\",\"@id\":\"https:\/\/defiscalisant.com\/#website\",\"url\":\"https:\/\/defiscalisant.com\/\",\"name\":\"defiscalisant\",\"description\":\"defiscalisant\",\"publisher\":{\"@id\":\"https:\/\/defiscalisant.com\/#organization\"},\"potentialAction\":[{\"@type\":\"SearchAction\",\"target\":{\"@type\":\"EntryPoint\",\"urlTemplate\":\"https:\/\/defiscalisant.com\/?s={search_term_string}\"},\"query-input\":\"required name=search_term_string\"}],\"inLanguage\":\"gd\"},{\"@type\":\"Organization\",\"@id\":\"https:\/\/defiscalisant.com\/#organization\",\"name\":\"defiscalisant\",\"url\":\"https:\/\/defiscalisant.com\/\",\"logo\":{\"@type\":\"ImageObject\",\"inLanguage\":\"gd\",\"@id\":\"https:\/\/defiscalisant.com\/#\/schema\/logo\/image\/\",\"url\":\"https:\/\/defiscalisant.com\/wp-content\/uploads\/2023\/08\/logo.png\",\"contentUrl\":\"https:\/\/defiscalisant.com\/wp-content\/uploads\/2023\/08\/logo.png\",\"width\":220,\"height\":34,\"caption\":\"defiscalisant\"},\"image\":{\"@id\":\"https:\/\/defiscalisant.com\/#\/schema\/logo\/image\/\"}}]}<\/script>\n<!-- \/ Yoast SEO plugin. -->","yoast_head_json":{"title":"Confidentiality - defiscalisant","robots":{"index":"index","follow":"follow","max-snippet":"max-snippet:-1","max-image-preview":"max-image-preview:large","max-video-preview":"max-video-preview:-1"},"canonical":"https:\/\/defiscalisant.com\/gd\/misneachd\/","og_locale":"en_US","og_type":"article","og_title":"Confidentiality - defiscalisant","og_description":"Welcome to our website. We value your interest in our services and want to provide you with information about our privacy policy as well as restrictions on the use of our site. &nbsp; Confidentiality We take your privacy very seriously and are committed to taking all necessary measures to protect your personal data. Any information [&hellip;]","og_url":"https:\/\/defiscalisant.com\/gd\/misneachd\/","og_site_name":"defiscalisant","article_modified_time":"2023-09-13T18:08:32+00:00","twitter_card":"summary_large_image","twitter_misc":{"Est. reading time":"1 minute"},"schema":{"@context":"https:\/\/schema.org","@graph":[{"@type":"WebPage","@id":"https:\/\/defiscalisant.com\/konfidenczialnost\/","url":"https:\/\/defiscalisant.com\/konfidenczialnost\/","name":"Confidentiality - defiscalisant","isPartOf":{"@id":"https:\/\/defiscalisant.com\/#website"},"datePublished":"2023-08-08T16:56:50+00:00","dateModified":"2023-09-13T18:08:32+00:00","breadcrumb":{"@id":"https:\/\/defiscalisant.com\/konfidenczialnost\/#breadcrumb"},"inLanguage":"gd","potentialAction":[{"@type":"ReadAction","target":["https:\/\/defiscalisant.com\/konfidenczialnost\/"]}]},{"@type":"BreadcrumbList","@id":"https:\/\/defiscalisant.com\/konfidenczialnost\/#breadcrumb","itemListElement":[{"@type":"ListItem","position":1,"name":"\u0413\u043b\u0430\u0432\u043d\u0430\u044f \u0441\u0442\u0440\u0430\u043d\u0438\u0446\u0430","item":"https:\/\/defiscalisant.com\/"},{"@type":"ListItem","position":2,"name":"Confidentiality"}]},{"@type":"WebSite","@id":"https:\/\/defiscalisant.com\/#website","url":"https:\/\/defiscalisant.com\/","name":"defiscalisant","description":"defiscalisant","publisher":{"@id":"https:\/\/defiscalisant.com\/#organization"},"potentialAction":[{"@type":"SearchAction","target":{"@type":"EntryPoint","urlTemplate":"https:\/\/defiscalisant.com\/?s={search_term_string}"},"query-input":"required name=search_term_string"}],"inLanguage":"gd"},{"@type":"Organization","@id":"https:\/\/defiscalisant.com\/#organization","name":"defiscalisant","url":"https:\/\/defiscalisant.com\/","logo":{"@type":"ImageObject","inLanguage":"gd","@id":"https:\/\/defiscalisant.com\/#\/schema\/logo\/image\/","url":"https:\/\/defiscalisant.com\/wp-content\/uploads\/2023\/08\/logo.png","contentUrl":"https:\/\/defiscalisant.com\/wp-content\/uploads\/2023\/08\/logo.png","width":220,"height":34,"caption":"defiscalisant"},"image":{"@id":"https:\/\/defiscalisant.com\/#\/schema\/logo\/image\/"}}]}},"_links":{"self":[{"href":"https:\/\/defiscalisant.com\/gd\/wp-json\/wp\/v2\/pages\/42","targetHints":{"allow":["GET"]}}],"collection":[{"href":"https:\/\/defiscalisant.com\/gd\/wp-json\/wp\/v2\/pages"}],"about":[{"href":"https:\/\/defiscalisant.com\/gd\/wp-json\/wp\/v2\/types\/page"}],"author":[{"embeddable":true,"href":"https:\/\/defiscalisant.com\/gd\/wp-json\/wp\/v2\/users\/1"}],"replies":[{"embeddable":true,"href":"https:\/\/defiscalisant.com\/gd\/wp-json\/wp\/v2\/comments?post=42"}],"version-history":[{"count":3,"href":"https:\/\/defiscalisant.com\/gd\/wp-json\/wp\/v2\/pages\/42\/revisions"}],"predecessor-version":[{"id":183,"href":"https:\/\/defiscalisant.com\/gd\/wp-json\/wp\/v2\/pages\/42\/revisions\/183"}],"wp:attachment":[{"href":"https:\/\/defiscalisant.com\/gd\/wp-json\/wp\/v2\/media?parent=42"}],"curies":[{"name":"wp","href":"https:\/\/api.w.org\/{rel}","templated":true}]}}