{"id":42,"date":"2023-08-08T16:56:50","date_gmt":"2023-08-08T16:56:50","guid":{"rendered":"https:\/\/defiscalisant.com\/?page_id=42"},"modified":"2023-09-13T18:08:32","modified_gmt":"2023-09-13T18:08:32","slug":"konfidenczialnost","status":"publish","type":"page","link":"https:\/\/defiscalisant.com\/fi\/luottamuksellisuus\/","title":{"rendered":"Luottamuksellisuus"},"content":{"rendered":"<p><span class=\"HwtZe\" lang=\"en\"><span class=\"jCAhz ChMk0b\"><span class=\"ryNqvb\">Tervetuloa verkkosivuillemme.<\/span><\/span> <span class=\"jCAhz ChMk0b\"><span class=\"ryNqvb\">Arvostamme kiinnostustasi palveluitamme kohtaan ja haluamme antaa sinulle tietoa tietosuojak\u00e4yt\u00e4nn\u00f6st\u00e4mme sek\u00e4 sivustomme k\u00e4ytt\u00f6\u00e4 koskevista rajoituksista.<\/span><\/span> <\/span><\/p>\n<p>&nbsp;<\/p>\n<p><strong><span class=\"HwtZe\" lang=\"en\"><span class=\"jCAhz ChMk0b\"><span class=\"ryNqvb\">Luottamuksellisuus<\/span><\/span> <\/span><\/strong><\/p>\n<p><span class=\"HwtZe\" lang=\"en\"><span class=\"jCAhz ChMk0b\"><span class=\"ryNqvb\">Suhtaudumme yksityisyyteesi eritt\u00e4in vakavasti ja olemme sitoutuneet ryhtym\u00e4\u00e4n kaikkiin tarvittaviin toimenpiteisiin henkil\u00f6tietojesi suojaamiseksi.<\/span><\/span> <span class=\"jCAhz ChMk0b\"><span class=\"ryNqvb\">Kaikkia sivustomme k\u00e4yt\u00f6n yhteydess\u00e4 meille antamiasi tietoja k\u00e4ytet\u00e4\u00e4n yksinomaan tietosuojak\u00e4yt\u00e4nt\u00f6mme mukaisesti.<\/span><\/span> <span class=\"jCAhz ChMk0b\"><span class=\"ryNqvb\">Emme koskaan luovuta henkil\u00f6tietojasi kolmansille osapuolille ilman nimenomaista suostumustasi.<\/span><\/span> <\/span><\/p>\n<p>&nbsp;<\/p>\n<p><strong><span class=\"HwtZe\" lang=\"en\"><span class=\"jCAhz ChMk0b\"><span class=\"ryNqvb\">Rajoitukset<\/span><\/span> <\/span><\/strong><\/p>\n<p><span class=\"HwtZe\" lang=\"en\"><span class=\"jCAhz ChMk0b\"><span class=\"ryNqvb\">Kaikki sivustomme materiaalit on tarkoitettu yksinomaan aikuisille.<\/span><\/span> <\/span><\/p>\n<p><span class=\"HwtZe\" lang=\"en\"><span class=\"jCAhz ChMk0b\"><span class=\"ryNqvb\">Kiell\u00e4mme ehdottomasti alle 18-vuotiaiden p\u00e4\u00e4syn sis\u00e4lt\u00f6\u00f6mme.<\/span><\/span> <span class=\"jCAhz ChMk0b\"><span class=\"ryNqvb\">Olemme vastuullisia lain edess\u00e4 ja tuemme t\u00e4ysin ik\u00e4rajoituksia.<\/span><\/span> <span class=\"jCAhz ChMk0b\"><span class=\"ryNqvb\">Haluamme my\u00f6s korostaa, ett\u00e4 kaikki sivustomme sis\u00e4lt\u00f6 on fiktiivist\u00e4 ja tarkoitettu vain viihdek\u00e4ytt\u00f6\u00f6n.<\/span><\/span> <span class=\"jCAhz ChMk0b\"><span class=\"ryNqvb\">K\u00e4ytt\u00e4m\u00e4ll\u00e4 sivustoamme vakuutat olevasi t\u00e4ysi-ik\u00e4inen ja ymm\u00e4rt\u00e4v\u00e4si ja hyv\u00e4ksyv\u00e4si k\u00e4yt\u00e4nt\u00f6mme ja rajoituksemme.<\/span><\/span> <span class=\"jCAhz ChMk0b\"><span class=\"ryNqvb\">Kehotamme kaikkia k\u00e4vij\u00f6it\u00e4 noudattamaan aikuisille tarkoitettujen internetresurssien k\u00e4ytt\u00f6\u00e4 koskevia lakeja ja m\u00e4\u00e4r\u00e4yksi\u00e4.<\/span><\/span><\/span><\/p>","protected":false},"excerpt":{"rendered":"<p>Tervetuloa verkkosivustollemme. Arvostamme kiinnostustasi palveluitamme kohtaan ja haluamme antaa sinulle tietoa tietosuojak\u00e4yt\u00e4nn\u00f6st\u00e4mme sek\u00e4 sivustomme k\u00e4ytt\u00f6\u00e4 koskevista rajoituksista. Luottamuksellisuus Suhtaudumme yksityisyyteesi eritt\u00e4in vakavasti ja olemme sitoutuneet ryhtym\u00e4\u00e4n kaikkiin tarvittaviin toimenpiteisiin henkil\u00f6tietojesi suojaamiseksi. Kaikki tiedot [\u2026]<\/p>","protected":false},"author":1,"featured_media":0,"parent":0,"menu_order":0,"comment_status":"closed","ping_status":"closed","template":"","meta":{"footnotes":""},"class_list":["post-42","page","type-page","status-publish","hentry"],"yoast_head":"<!-- This site is optimized with the Yoast SEO plugin v20.13 - https:\/\/yoast.com\/wordpress\/plugins\/seo\/ -->\n<title>Confidentiality - defiscalisant<\/title>\n<meta name=\"robots\" content=\"index, follow, max-snippet:-1, max-image-preview:large, max-video-preview:-1\" \/>\n<link rel=\"canonical\" href=\"https:\/\/defiscalisant.com\/fi\/luottamuksellisuus\/\" \/>\n<meta property=\"og:locale\" content=\"fi_FI\" \/>\n<meta property=\"og:type\" content=\"article\" \/>\n<meta property=\"og:title\" content=\"Confidentiality - defiscalisant\" \/>\n<meta property=\"og:description\" content=\"Welcome to our website. We value your interest in our services and want to provide you with information about our privacy policy as well as restrictions on the use of our site. &nbsp; Confidentiality We take your privacy very seriously and are committed to taking all necessary measures to protect your personal data. Any information [&hellip;]\" \/>\n<meta property=\"og:url\" content=\"https:\/\/defiscalisant.com\/fi\/luottamuksellisuus\/\" \/>\n<meta property=\"og:site_name\" content=\"defiscalisant\" \/>\n<meta property=\"article:modified_time\" content=\"2023-09-13T18:08:32+00:00\" \/>\n<meta name=\"twitter:card\" content=\"summary_large_image\" \/>\n<meta name=\"twitter:label1\" content=\"Arvioitu lukuaika\" \/>\n\t<meta name=\"twitter:data1\" content=\"1 minuutti\" \/>\n<script type=\"application\/ld+json\" class=\"yoast-schema-graph\">{\"@context\":\"https:\/\/schema.org\",\"@graph\":[{\"@type\":\"WebPage\",\"@id\":\"https:\/\/defiscalisant.com\/konfidenczialnost\/\",\"url\":\"https:\/\/defiscalisant.com\/konfidenczialnost\/\",\"name\":\"Confidentiality - defiscalisant\",\"isPartOf\":{\"@id\":\"https:\/\/defiscalisant.com\/#website\"},\"datePublished\":\"2023-08-08T16:56:50+00:00\",\"dateModified\":\"2023-09-13T18:08:32+00:00\",\"breadcrumb\":{\"@id\":\"https:\/\/defiscalisant.com\/konfidenczialnost\/#breadcrumb\"},\"inLanguage\":\"fi\",\"potentialAction\":[{\"@type\":\"ReadAction\",\"target\":[\"https:\/\/defiscalisant.com\/konfidenczialnost\/\"]}]},{\"@type\":\"BreadcrumbList\",\"@id\":\"https:\/\/defiscalisant.com\/konfidenczialnost\/#breadcrumb\",\"itemListElement\":[{\"@type\":\"ListItem\",\"position\":1,\"name\":\"\u0413\u043b\u0430\u0432\u043d\u0430\u044f \u0441\u0442\u0440\u0430\u043d\u0438\u0446\u0430\",\"item\":\"https:\/\/defiscalisant.com\/\"},{\"@type\":\"ListItem\",\"position\":2,\"name\":\"Confidentiality\"}]},{\"@type\":\"WebSite\",\"@id\":\"https:\/\/defiscalisant.com\/#website\",\"url\":\"https:\/\/defiscalisant.com\/\",\"name\":\"defiscalisant\",\"description\":\"defiscalisant\",\"publisher\":{\"@id\":\"https:\/\/defiscalisant.com\/#organization\"},\"potentialAction\":[{\"@type\":\"SearchAction\",\"target\":{\"@type\":\"EntryPoint\",\"urlTemplate\":\"https:\/\/defiscalisant.com\/?s={search_term_string}\"},\"query-input\":\"required name=search_term_string\"}],\"inLanguage\":\"fi\"},{\"@type\":\"Organization\",\"@id\":\"https:\/\/defiscalisant.com\/#organization\",\"name\":\"defiscalisant\",\"url\":\"https:\/\/defiscalisant.com\/\",\"logo\":{\"@type\":\"ImageObject\",\"inLanguage\":\"fi\",\"@id\":\"https:\/\/defiscalisant.com\/#\/schema\/logo\/image\/\",\"url\":\"https:\/\/defiscalisant.com\/wp-content\/uploads\/2023\/08\/logo.png\",\"contentUrl\":\"https:\/\/defiscalisant.com\/wp-content\/uploads\/2023\/08\/logo.png\",\"width\":220,\"height\":34,\"caption\":\"defiscalisant\"},\"image\":{\"@id\":\"https:\/\/defiscalisant.com\/#\/schema\/logo\/image\/\"}}]}<\/script>\n<!-- \/ Yoast SEO plugin. -->","yoast_head_json":{"title":"Confidentiality - defiscalisant","robots":{"index":"index","follow":"follow","max-snippet":"max-snippet:-1","max-image-preview":"max-image-preview:large","max-video-preview":"max-video-preview:-1"},"canonical":"https:\/\/defiscalisant.com\/fi\/luottamuksellisuus\/","og_locale":"fi_FI","og_type":"article","og_title":"Confidentiality - defiscalisant","og_description":"Welcome to our website. We value your interest in our services and want to provide you with information about our privacy policy as well as restrictions on the use of our site. &nbsp; Confidentiality We take your privacy very seriously and are committed to taking all necessary measures to protect your personal data. Any information [&hellip;]","og_url":"https:\/\/defiscalisant.com\/fi\/luottamuksellisuus\/","og_site_name":"defiscalisant","article_modified_time":"2023-09-13T18:08:32+00:00","twitter_card":"summary_large_image","twitter_misc":{"Arvioitu lukuaika":"1 minuutti"},"schema":{"@context":"https:\/\/schema.org","@graph":[{"@type":"WebPage","@id":"https:\/\/defiscalisant.com\/konfidenczialnost\/","url":"https:\/\/defiscalisant.com\/konfidenczialnost\/","name":"Confidentiality - defiscalisant","isPartOf":{"@id":"https:\/\/defiscalisant.com\/#website"},"datePublished":"2023-08-08T16:56:50+00:00","dateModified":"2023-09-13T18:08:32+00:00","breadcrumb":{"@id":"https:\/\/defiscalisant.com\/konfidenczialnost\/#breadcrumb"},"inLanguage":"fi","potentialAction":[{"@type":"ReadAction","target":["https:\/\/defiscalisant.com\/konfidenczialnost\/"]}]},{"@type":"BreadcrumbList","@id":"https:\/\/defiscalisant.com\/konfidenczialnost\/#breadcrumb","itemListElement":[{"@type":"ListItem","position":1,"name":"\u0413\u043b\u0430\u0432\u043d\u0430\u044f \u0441\u0442\u0440\u0430\u043d\u0438\u0446\u0430","item":"https:\/\/defiscalisant.com\/"},{"@type":"ListItem","position":2,"name":"Confidentiality"}]},{"@type":"WebSite","@id":"https:\/\/defiscalisant.com\/#website","url":"https:\/\/defiscalisant.com\/","name":"defiscalisant","description":"defiscalisant","publisher":{"@id":"https:\/\/defiscalisant.com\/#organization"},"potentialAction":[{"@type":"SearchAction","target":{"@type":"EntryPoint","urlTemplate":"https:\/\/defiscalisant.com\/?s={search_term_string}"},"query-input":"required name=search_term_string"}],"inLanguage":"fi"},{"@type":"Organization","@id":"https:\/\/defiscalisant.com\/#organization","name":"defiscalisant","url":"https:\/\/defiscalisant.com\/","logo":{"@type":"ImageObject","inLanguage":"fi","@id":"https:\/\/defiscalisant.com\/#\/schema\/logo\/image\/","url":"https:\/\/defiscalisant.com\/wp-content\/uploads\/2023\/08\/logo.png","contentUrl":"https:\/\/defiscalisant.com\/wp-content\/uploads\/2023\/08\/logo.png","width":220,"height":34,"caption":"defiscalisant"},"image":{"@id":"https:\/\/defiscalisant.com\/#\/schema\/logo\/image\/"}}]}},"_links":{"self":[{"href":"https:\/\/defiscalisant.com\/fi\/wp-json\/wp\/v2\/pages\/42","targetHints":{"allow":["GET"]}}],"collection":[{"href":"https:\/\/defiscalisant.com\/fi\/wp-json\/wp\/v2\/pages"}],"about":[{"href":"https:\/\/defiscalisant.com\/fi\/wp-json\/wp\/v2\/types\/page"}],"author":[{"embeddable":true,"href":"https:\/\/defiscalisant.com\/fi\/wp-json\/wp\/v2\/users\/1"}],"replies":[{"embeddable":true,"href":"https:\/\/defiscalisant.com\/fi\/wp-json\/wp\/v2\/comments?post=42"}],"version-history":[{"count":3,"href":"https:\/\/defiscalisant.com\/fi\/wp-json\/wp\/v2\/pages\/42\/revisions"}],"predecessor-version":[{"id":183,"href":"https:\/\/defiscalisant.com\/fi\/wp-json\/wp\/v2\/pages\/42\/revisions\/183"}],"wp:attachment":[{"href":"https:\/\/defiscalisant.com\/fi\/wp-json\/wp\/v2\/media?parent=42"}],"curies":[{"name":"wp","href":"https:\/\/api.w.org\/{rel}","templated":true}]}}