{"id":46,"date":"2023-08-08T16:57:18","date_gmt":"2023-08-08T16:57:18","guid":{"rendered":"https:\/\/defiscalisant.com\/?page_id=46"},"modified":"2023-09-13T18:09:38","modified_gmt":"2023-09-13T18:09:38","slug":"kontakty","status":"publish","type":"page","link":"https:\/\/defiscalisant.com\/az\/kontakty\/","title":{"rendered":"\u018flaq\u0259"},"content":{"rendered":"<p><span class=\"HwtZe\" lang=\"en\"><span class=\"jCAhz ChMk0b\"><span class=\"ryNqvb\">Fikirl\u0259rinizi qiym\u0259tl\u0259ndiririk v\u0259 h\u0259r zaman sizi dinl\u0259m\u0259y\u0259 haz\u0131r\u0131q.<\/span><\/span> <span class=\"jCAhz ChMk0b\"><span class=\"ryNqvb\">\u0130st\u0259r r\u0259yinizi b\u00f6l\u00fc\u015fm\u0259k, ist\u0259r sual verm\u0259k, ist\u0259r \u015fikay\u0259t etm\u0259k, ist\u0259rs\u0259 d\u0259 sad\u0259c\u0259 biziml\u0259 \u0259laq\u0259 saxlamaq ist\u0259yirsinizs\u0259, z\u0259hm\u0259t olmasa, bu formadan istifad\u0259 edin.<\/span><\/span> <span class=\"jCAhz ChMk0b\"><span class=\"ryNqvb\">Sor\u011funuzu m\u00fcmk\u00fcn q\u0259d\u0259r tez cavabland\u0131rma\u011fa \u00e7al\u0131\u015faca\u011f\u0131q.<\/span><\/span><\/span><\/p>\n\n<div class=\"wpcf7 no-js\" id=\"wpcf7-f58-o1\" lang=\"ru-RU\" dir=\"ltr\">\n<div class=\"screen-reader-response\"><p role=\"status\" aria-live=\"polite\" aria-atomic=\"true\"><\/p> <ul><\/ul><\/div>\n<form action=\"\/az\/wp-json\/wp\/v2\/pages\/46#wpcf7-f58-o1\" method=\"post\" class=\"wpcf7-form init\" aria-label=\"\u018flaq\u0259 formas\u0131\" novalidate=\"novalidate\" data-status=\"init\" data-trp-original-action=\"\/az\/wp-json\/wp\/v2\/pages\/46#wpcf7-f58-o1\">\n<div style=\"display: none;\">\n<input type=\"hidden\" name=\"_wpcf7\" value=\"58\" \/>\n<input type=\"hidden\" name=\"_wpcf7_version\" value=\"5.8\" \/>\n<input type=\"hidden\" name=\"_wpcf7_locale\" value=\"ru_RU\" \/>\n<input type=\"hidden\" name=\"_wpcf7_unit_tag\" value=\"wpcf7-f58-o1\" \/>\n<input type=\"hidden\" name=\"_wpcf7_container_post\" value=\"0\" \/>\n<input type=\"hidden\" name=\"_wpcf7_posted_data_hash\" value=\"\" \/>\n<\/div>\n<p><label> \u0412\u0430\u0448\u0435 \u0438\u043c\u044f<br \/>\n<span class=\"wpcf7-form-control-wrap\" data-name=\"your-name\"><input size=\"40\" class=\"wpcf7-form-control wpcf7-text wpcf7-validates-as-required\" autocomplete=\"name\" aria-required=\"true\" aria-invalid=\"false\" value=\"\" type=\"text\" name=\"your-name\" \/><\/span> <\/label>\n<\/p>\n<p><label> E-po\u00e7t \u00fcnvan\u0131n\u0131za<br \/>\n<span class=\"wpcf7-form-control-wrap\" data-name=\"your-email\"><input size=\"40\" class=\"wpcf7-form-control wpcf7-email wpcf7-validates-as-required wpcf7-text wpcf7-validates-as-email\" autocomplete=\"email\" aria-required=\"true\" aria-invalid=\"false\" value=\"\" type=\"email\" name=\"your-email\" \/><\/span> <\/label>\n<\/p>\n<p><label> M\u00f6vzu<br \/>\n<span class=\"wpcf7-form-control-wrap\" data-name=\"your-subject\"><input size=\"40\" class=\"wpcf7-form-control wpcf7-text wpcf7-validates-as-required\" aria-required=\"true\" aria-invalid=\"false\" value=\"\" type=\"text\" name=\"your-subject\" \/><\/span> <\/label>\n<\/p>\n<p><label> Vashe soob\u0449\u0435\u043d\u0438\u0435 (he\u00e7 bir \u015fey yoxdur)<br \/>\n<span class=\"wpcf7-form-control-wrap\" data-name=\"your-message\"><textarea cols=\"40\" rows=\"10\" class=\"wpcf7-form-control wpcf7-textarea\" aria-invalid=\"false\" name=\"your-message\"><\/textarea><\/span> <\/label>\n<\/p>\n<p><input class=\"wpcf7-form-control wpcf7-submit has-spinner\" type=\"submit\" value=\"\u041e\u0442\u043f\u0440\u0430\u0432\u0438\u0442\u044c\" \/>\n<\/p><div class=\"wpcf7-response-output\" aria-hidden=\"true\"><\/div>\n<input type=\"hidden\" name=\"trp-form-language\" value=\"az\"\/><\/form>\n<\/div>\n\n<p>&nbsp;<\/p>\n<p>&nbsp;<\/p>\n<p><span class=\"HwtZe\" lang=\"en\"><span class=\"jCAhz ChMk0b\"><span class=\"ryNqvb\">Burada mesaj\u0131n\u0131z\u0131 yaza bil\u0259rsiniz.<\/span><\/span> <span class=\"jCAhz ChMk0b\"><span class=\"ryNqvb\">Sizinl\u0259 \u0259laq\u0259 saxlaya bilm\u0259yimiz \u00fc\u00e7\u00fcn d\u00fczg\u00fcn \u0259laq\u0259 m\u0259lumatlar\u0131n\u0131z\u0131 t\u0259qdim etdiyinizd\u0259n \u0259min olun.<\/span><\/span> <span class=\"jCAhz ChMk0b\"><span class=\"ryNqvb\">T\u0259qdim olunan b\u00fct\u00fcn m\u0259lumatlar\u0131n m\u0259xfiliyin\u0259 z\u0259man\u0259t veririk.<\/span><\/span> <span class=\"jCAhz ChMk0b\"><span class=\"ryNqvb\">\u015e\u0259xsi m\u0259lumatlar\u0131n\u0131z he\u00e7 bir halda \u00fc\u00e7\u00fcnc\u00fc t\u0259r\u0259fl\u0259r\u0259 \u00f6t\u00fcr\u00fclm\u0259y\u0259c\u0259k v\u0259 yaln\u0131z sor\u011funuzu emal etm\u0259k \u00fc\u00e7\u00fcn istifad\u0259 olunacaq.<\/span><\/span> <\/span><\/p>\n<p><span class=\"HwtZe\" lang=\"en\"><span class=\"jCAhz ChMk0b\"><span class=\"ryNqvb\"><strong>Biziml\u0259 \u0259laq\u0259 saxlad\u0131\u011f\u0131n\u0131z \u00fc\u00e7\u00fcn t\u0259\u015f\u0259kk\u00fcr edirik<\/strong>.<\/span><\/span> <span class=\"jCAhz ChMk0b\"><span class=\"ryNqvb\">\u0130\u015ftirak\u0131n\u0131z\u0131 qiym\u0259tl\u0259ndiririk v\u0259 r\u0259y v\u0259 t\u0259klifl\u0259riniz say\u0259sind\u0259 xidm\u0259timizi daha da yax\u015f\u0131la\u015fd\u0131rma\u011fa \u00e7al\u0131\u015f\u0131r\u0131q.<\/span><\/span><\/span><\/p>","protected":false},"excerpt":{"rendered":"<p>Fikirl\u0259rinizi qiym\u0259tl\u0259ndiririk v\u0259 sizi dinl\u0259m\u0259y\u0259 h\u0259mi\u015f\u0259 haz\u0131r\u0131q. \u0130st\u0259r r\u0259yinizi b\u00f6l\u00fc\u015fm\u0259k, ist\u0259r sual verm\u0259k, ist\u0259r \u015fikay\u0259t etm\u0259k, ist\u0259rs\u0259 d\u0259 sad\u0259c\u0259 biziml\u0259 \u0259laq\u0259 saxlamaq ist\u0259yirsinizs\u0259, z\u0259hm\u0259t olmasa, bu formadan istifad\u0259 edin. Sor\u011funuzu m\u00fcmk\u00fcn q\u0259d\u0259r tez cavabland\u0131rma\u011fa \u00e7al\u0131\u015faca\u011f\u0131q. Mesaj\u0131n\u0131z\u0131 burada yaza bil\u0259rsiniz. Z\u0259hm\u0259t olmasa, \u0259min olun [\u2026]<\/p>","protected":false},"author":1,"featured_media":0,"parent":0,"menu_order":0,"comment_status":"closed","ping_status":"closed","template":"","meta":{"footnotes":""},"class_list":["post-46","page","type-page","status-publish","hentry"],"yoast_head":"<!-- This site is optimized with the Yoast SEO plugin v20.13 - https:\/\/yoast.com\/wordpress\/plugins\/seo\/ -->\n<title>Contacts - defiscalisant<\/title>\n<meta name=\"robots\" content=\"index, follow, max-snippet:-1, max-image-preview:large, max-video-preview:-1\" \/>\n<link rel=\"canonical\" href=\"https:\/\/defiscalisant.com\/az\/kontakty\/\" \/>\n<meta property=\"og:locale\" content=\"az_AZ\" \/>\n<meta property=\"og:type\" content=\"article\" \/>\n<meta property=\"og:title\" content=\"Contacts - defiscalisant\" \/>\n<meta property=\"og:description\" content=\"We value your opinion and are always ready to listen to you. Whether you want to share your feedback, ask a question, make a complaint, or simply contact us, please use this form. We will try to respond to your request as quickly as possible. &nbsp; &nbsp; Here you can write your message. Please ensure [&hellip;]\" \/>\n<meta property=\"og:url\" content=\"https:\/\/defiscalisant.com\/az\/kontakty\/\" \/>\n<meta property=\"og:site_name\" content=\"defiscalisant\" \/>\n<meta property=\"article:modified_time\" content=\"2023-09-13T18:09:38+00:00\" \/>\n<meta name=\"twitter:card\" content=\"summary_large_image\" \/>\n<meta name=\"twitter:label1\" content=\"Est. reading time\" \/>\n\t<meta name=\"twitter:data1\" content=\"1 minute\" \/>\n<script type=\"application\/ld+json\" class=\"yoast-schema-graph\">{\"@context\":\"https:\/\/schema.org\",\"@graph\":[{\"@type\":\"WebPage\",\"@id\":\"https:\/\/defiscalisant.com\/kontakty\/\",\"url\":\"https:\/\/defiscalisant.com\/kontakty\/\",\"name\":\"Contacts - defiscalisant\",\"isPartOf\":{\"@id\":\"https:\/\/defiscalisant.com\/#website\"},\"datePublished\":\"2023-08-08T16:57:18+00:00\",\"dateModified\":\"2023-09-13T18:09:38+00:00\",\"breadcrumb\":{\"@id\":\"https:\/\/defiscalisant.com\/kontakty\/#breadcrumb\"},\"inLanguage\":\"az\",\"potentialAction\":[{\"@type\":\"ReadAction\",\"target\":[\"https:\/\/defiscalisant.com\/kontakty\/\"]}]},{\"@type\":\"BreadcrumbList\",\"@id\":\"https:\/\/defiscalisant.com\/kontakty\/#breadcrumb\",\"itemListElement\":[{\"@type\":\"ListItem\",\"position\":1,\"name\":\"\u0413\u043b\u0430\u0432\u043d\u0430\u044f \u0441\u0442\u0440\u0430\u043d\u0438\u0446\u0430\",\"item\":\"https:\/\/defiscalisant.com\/\"},{\"@type\":\"ListItem\",\"position\":2,\"name\":\"Contacts\"}]},{\"@type\":\"WebSite\",\"@id\":\"https:\/\/defiscalisant.com\/#website\",\"url\":\"https:\/\/defiscalisant.com\/\",\"name\":\"defiscalisant\",\"description\":\"defiscalisant\",\"publisher\":{\"@id\":\"https:\/\/defiscalisant.com\/#organization\"},\"potentialAction\":[{\"@type\":\"SearchAction\",\"target\":{\"@type\":\"EntryPoint\",\"urlTemplate\":\"https:\/\/defiscalisant.com\/?s={search_term_string}\"},\"query-input\":\"required name=search_term_string\"}],\"inLanguage\":\"az\"},{\"@type\":\"Organization\",\"@id\":\"https:\/\/defiscalisant.com\/#organization\",\"name\":\"defiscalisant\",\"url\":\"https:\/\/defiscalisant.com\/\",\"logo\":{\"@type\":\"ImageObject\",\"inLanguage\":\"az\",\"@id\":\"https:\/\/defiscalisant.com\/#\/schema\/logo\/image\/\",\"url\":\"https:\/\/defiscalisant.com\/wp-content\/uploads\/2023\/08\/logo.png\",\"contentUrl\":\"https:\/\/defiscalisant.com\/wp-content\/uploads\/2023\/08\/logo.png\",\"width\":220,\"height\":34,\"caption\":\"defiscalisant\"},\"image\":{\"@id\":\"https:\/\/defiscalisant.com\/#\/schema\/logo\/image\/\"}}]}<\/script>\n<!-- \/ Yoast SEO plugin. -->","yoast_head_json":{"title":"Contacts - defiscalisant","robots":{"index":"index","follow":"follow","max-snippet":"max-snippet:-1","max-image-preview":"max-image-preview:large","max-video-preview":"max-video-preview:-1"},"canonical":"https:\/\/defiscalisant.com\/az\/kontakty\/","og_locale":"az_AZ","og_type":"article","og_title":"Contacts - defiscalisant","og_description":"We value your opinion and are always ready to listen to you. Whether you want to share your feedback, ask a question, make a complaint, or simply contact us, please use this form. We will try to respond to your request as quickly as possible. &nbsp; &nbsp; Here you can write your message. Please ensure [&hellip;]","og_url":"https:\/\/defiscalisant.com\/az\/kontakty\/","og_site_name":"defiscalisant","article_modified_time":"2023-09-13T18:09:38+00:00","twitter_card":"summary_large_image","twitter_misc":{"Est. reading time":"1 minute"},"schema":{"@context":"https:\/\/schema.org","@graph":[{"@type":"WebPage","@id":"https:\/\/defiscalisant.com\/kontakty\/","url":"https:\/\/defiscalisant.com\/kontakty\/","name":"Contacts - defiscalisant","isPartOf":{"@id":"https:\/\/defiscalisant.com\/#website"},"datePublished":"2023-08-08T16:57:18+00:00","dateModified":"2023-09-13T18:09:38+00:00","breadcrumb":{"@id":"https:\/\/defiscalisant.com\/kontakty\/#breadcrumb"},"inLanguage":"az","potentialAction":[{"@type":"ReadAction","target":["https:\/\/defiscalisant.com\/kontakty\/"]}]},{"@type":"BreadcrumbList","@id":"https:\/\/defiscalisant.com\/kontakty\/#breadcrumb","itemListElement":[{"@type":"ListItem","position":1,"name":"\u0413\u043b\u0430\u0432\u043d\u0430\u044f \u0441\u0442\u0440\u0430\u043d\u0438\u0446\u0430","item":"https:\/\/defiscalisant.com\/"},{"@type":"ListItem","position":2,"name":"Contacts"}]},{"@type":"WebSite","@id":"https:\/\/defiscalisant.com\/#website","url":"https:\/\/defiscalisant.com\/","name":"defiscalisant","description":"defiscalisant","publisher":{"@id":"https:\/\/defiscalisant.com\/#organization"},"potentialAction":[{"@type":"SearchAction","target":{"@type":"EntryPoint","urlTemplate":"https:\/\/defiscalisant.com\/?s={search_term_string}"},"query-input":"required name=search_term_string"}],"inLanguage":"az"},{"@type":"Organization","@id":"https:\/\/defiscalisant.com\/#organization","name":"defiscalisant","url":"https:\/\/defiscalisant.com\/","logo":{"@type":"ImageObject","inLanguage":"az","@id":"https:\/\/defiscalisant.com\/#\/schema\/logo\/image\/","url":"https:\/\/defiscalisant.com\/wp-content\/uploads\/2023\/08\/logo.png","contentUrl":"https:\/\/defiscalisant.com\/wp-content\/uploads\/2023\/08\/logo.png","width":220,"height":34,"caption":"defiscalisant"},"image":{"@id":"https:\/\/defiscalisant.com\/#\/schema\/logo\/image\/"}}]}},"_links":{"self":[{"href":"https:\/\/defiscalisant.com\/az\/wp-json\/wp\/v2\/pages\/46","targetHints":{"allow":["GET"]}}],"collection":[{"href":"https:\/\/defiscalisant.com\/az\/wp-json\/wp\/v2\/pages"}],"about":[{"href":"https:\/\/defiscalisant.com\/az\/wp-json\/wp\/v2\/types\/page"}],"author":[{"embeddable":true,"href":"https:\/\/defiscalisant.com\/az\/wp-json\/wp\/v2\/users\/1"}],"replies":[{"embeddable":true,"href":"https:\/\/defiscalisant.com\/az\/wp-json\/wp\/v2\/comments?post=46"}],"version-history":[{"count":5,"href":"https:\/\/defiscalisant.com\/az\/wp-json\/wp\/v2\/pages\/46\/revisions"}],"predecessor-version":[{"id":184,"href":"https:\/\/defiscalisant.com\/az\/wp-json\/wp\/v2\/pages\/46\/revisions\/184"}],"wp:attachment":[{"href":"https:\/\/defiscalisant.com\/az\/wp-json\/wp\/v2\/media?parent=46"}],"curies":[{"name":"wp","href":"https:\/\/api.w.org\/{rel}","templated":true}]}}